{"id":1390,"date":"2021-06-08T15:27:27","date_gmt":"2021-06-08T15:27:27","guid":{"rendered":"https:\/\/arredamentitrombetta.it\/?post_type=product&#038;p=1390"},"modified":"2022-05-07T10:06:14","modified_gmt":"2022-05-07T10:06:14","slug":"poltrona-poliform-modello-le-club","status":"publish","type":"product","link":"https:\/\/arredamentitrombetta.it\/en\/prodotti\/poltrona-poliform-modello-le-club\/","title":{"rendered":"Poltrona Poliform modello Le Club"},"content":{"rendered":"<h1>Poltrona Le Club<\/h1>\n<h2>Designer: Jean-Marie Massaud \u00a02021<\/h2>\n<p>Le Club \u00e8 un&#8217;accogliente poltrona disegnata da Jean-Marie Massaud per Poliform. Struttura in acciaio, seduta in poliuretano flessibile stampato. Rivestimenti a scelta tra un&#8217;ampia variet\u00e0 di tessuti e pelli. Il celebre designer francese si \u00e8 ispirato alle voluminose poltrone in cuoio che arredavano i club a cavallo tra gli anni &#8217;80 e &#8217;90. Le Club adesso, riporta in chiave contemporanea elementi iconici del nostro recente design di interni. Per incontrare le richieste attuali, ne \u00e8 stato enfatizzato il comfort e la qualit\u00e0 dell&#8217;esecuzione. Le Club si adatta con semplicit\u00e0 con ogni tipo di ambiente, da un living-room ricercato ad un&#8217;area lounge di tendenza. I tessuti e le pelli a disposizione permettono di rispondere alle esigenze di stile, spazio e atmosfera che si vuole ricreare.<\/p>\n<h3>Scheda Tecnica<\/h3>\n<p><a href=\"https:\/\/arredamentitrombetta.it\/wp-content\/uploads\/scheda-tecnica.pdf\">Download scheda tecnica Poltrona Le club\u00a0<\/a><\/p>\n<p>&nbsp;<\/p>\n","protected":false},"excerpt":{"rendered":"<p>&nbsp;<\/p>\n<p>Ispirata alle voluminose poltrone in cuoio dei club del secolo scorso, Le Club reinterpreta in chiave contemporanea uno degli archetipi del design. Nessun compromesso sul comfort n\u00e9 sulla qualit\u00e0 dell\u2019esecuzione per una poltrona che alleggerisce le forme e i materiali, all\u2019insegna di un\u2019eleganza pi\u00f9 disinvolta. Fra artigianalit\u00e0 e tecnologia, Le Club \u00e8 destinata a non subire il passare del tempo, nuova icona di spazi domestici e luoghi istituzionali.<\/p>\n<p><strong><em>\u00a0DISPONIBILE IN RIV: PELLE SLIM 06 ROCCIA\u00a0<\/em><\/strong><\/p>\n<p>&nbsp;<\/p>\n","protected":false},"featured_media":1392,"comment_status":"open","ping_status":"closed","template":"","meta":{"_mi_skip_tracking":false,"_monsterinsights_sitenote_active":false,"_monsterinsights_sitenote_note":"","_monsterinsights_sitenote_category":0},"product_cat":[22,33],"product_tag":[],"class_list":["post-1390","product","type-product","status-publish","has-post-thumbnail","hentry","product_cat-divani-e-poltrone","product_cat-poltrone"],"yoast_head":"<!-- This site is optimized with the Yoast SEO plugin v20.10 - https:\/\/yoast.com\/wordpress\/plugins\/seo\/ -->\n<title>Poltrona Poliform modello Le Club - Arredamenti Trombetta<\/title>\n<meta name=\"robots\" content=\"index, follow, max-snippet:-1, max-image-preview:large, max-video-preview:-1\" \/>\n<link rel=\"canonical\" href=\"https:\/\/arredamentitrombetta.it\/prodotti\/poltrona-poliform-modello-le-club\/\" \/>\n<meta property=\"og:locale\" content=\"en_US\" \/>\n<meta property=\"og:type\" content=\"article\" \/>\n<meta property=\"og:title\" content=\"Poltrona Poliform modello Le Club - Arredamenti Trombetta\" \/>\n<meta property=\"og:description\" content=\"&nbsp;  Ispirata alle voluminose poltrone in cuoio dei club del secolo scorso, Le Club reinterpreta in chiave contemporanea uno degli archetipi del design. Nessun compromesso sul comfort n\u00e9 sulla qualit\u00e0 dell\u2019esecuzione per una poltrona che alleggerisce le forme e i materiali, all\u2019insegna di un\u2019eleganza pi\u00f9 disinvolta. Fra artigianalit\u00e0 e tecnologia, Le Club \u00e8 destinata a non subire il passare del tempo, nuova icona di spazi domestici e luoghi istituzionali.  \u00a0DISPONIBILE IN RIV: PELLE SLIM 06 ROCCIA\u00a0  &nbsp;\" \/>\n<meta property=\"og:url\" content=\"https:\/\/arredamentitrombetta.it\/prodotti\/poltrona-poliform-modello-le-club\/\" \/>\n<meta property=\"og:site_name\" content=\"Arredamenti Trombetta\" \/>\n<meta property=\"article:modified_time\" content=\"2022-05-07T10:06:14+00:00\" \/>\n<meta property=\"og:image\" content=\"https:\/\/arredamentitrombetta.it\/wp-content\/uploads\/web-le-club.jpg\" \/>\n\t<meta property=\"og:image:width\" content=\"1000\" \/>\n\t<meta property=\"og:image:height\" content=\"1000\" \/>\n\t<meta property=\"og:image:type\" content=\"image\/jpeg\" \/>\n<meta name=\"twitter:card\" content=\"summary_large_image\" \/>\n<meta name=\"twitter:label1\" content=\"Est. reading time\" \/>\n\t<meta name=\"twitter:data1\" content=\"1 minute\" \/>\n<script type=\"application\/ld+json\" class=\"yoast-schema-graph\">{\"@context\":\"https:\/\/schema.org\",\"@graph\":[{\"@type\":\"WebPage\",\"@id\":\"https:\/\/arredamentitrombetta.it\/prodotti\/poltrona-poliform-modello-le-club\/\",\"url\":\"https:\/\/arredamentitrombetta.it\/prodotti\/poltrona-poliform-modello-le-club\/\",\"name\":\"Poltrona Poliform modello Le Club - Arredamenti Trombetta\",\"isPartOf\":{\"@id\":\"https:\/\/arredamentitrombetta.it\/#website\"},\"datePublished\":\"2021-06-08T15:27:27+00:00\",\"dateModified\":\"2022-05-07T10:06:14+00:00\",\"breadcrumb\":{\"@id\":\"https:\/\/arredamentitrombetta.it\/prodotti\/poltrona-poliform-modello-le-club\/#breadcrumb\"},\"inLanguage\":\"en-US\",\"potentialAction\":[{\"@type\":\"ReadAction\",\"target\":[\"https:\/\/arredamentitrombetta.it\/prodotti\/poltrona-poliform-modello-le-club\/\"]}]},{\"@type\":\"BreadcrumbList\",\"@id\":\"https:\/\/arredamentitrombetta.it\/prodotti\/poltrona-poliform-modello-le-club\/#breadcrumb\",\"itemListElement\":[{\"@type\":\"ListItem\",\"position\":1,\"name\":\"Home\",\"item\":\"https:\/\/arredamentitrombetta.it\/en\/\"},{\"@type\":\"ListItem\",\"position\":2,\"name\":\"Shop\",\"item\":\"https:\/\/arredamentitrombetta.it\/en\/shop-2\/\"},{\"@type\":\"ListItem\",\"position\":3,\"name\":\"Poltrona Poliform modello Le Club\"}]},{\"@type\":\"WebSite\",\"@id\":\"https:\/\/arredamentitrombetta.it\/#website\",\"url\":\"https:\/\/arredamentitrombetta.it\/\",\"name\":\"Arredamenti Trombetta\",\"description\":\"Showroom di Arredamenti a Grumo Nevano\",\"publisher\":{\"@id\":\"https:\/\/arredamentitrombetta.it\/#organization\"},\"potentialAction\":[{\"@type\":\"SearchAction\",\"target\":{\"@type\":\"EntryPoint\",\"urlTemplate\":\"https:\/\/arredamentitrombetta.it\/?s={search_term_string}\"},\"query-input\":\"required name=search_term_string\"}],\"inLanguage\":\"en-US\"},{\"@type\":\"Organization\",\"@id\":\"https:\/\/arredamentitrombetta.it\/#organization\",\"name\":\"Arredamenti Trombetta\",\"url\":\"https:\/\/arredamentitrombetta.it\/\",\"logo\":{\"@type\":\"ImageObject\",\"inLanguage\":\"en-US\",\"@id\":\"https:\/\/arredamentitrombetta.it\/#\/schema\/logo\/image\/\",\"url\":\"https:\/\/arredamentitrombetta.it\/wp-content\/uploads\/2021\/03\/logo-svg.svg\",\"contentUrl\":\"https:\/\/arredamentitrombetta.it\/wp-content\/uploads\/2021\/03\/logo-svg.svg\",\"width\":1469,\"height\":202,\"caption\":\"Arredamenti Trombetta\"},\"image\":{\"@id\":\"https:\/\/arredamentitrombetta.it\/#\/schema\/logo\/image\/\"}}]}<\/script>\n<!-- \/ Yoast SEO plugin. -->","yoast_head_json":{"title":"Poltrona Poliform modello Le Club - Arredamenti Trombetta","robots":{"index":"index","follow":"follow","max-snippet":"max-snippet:-1","max-image-preview":"max-image-preview:large","max-video-preview":"max-video-preview:-1"},"canonical":"https:\/\/arredamentitrombetta.it\/prodotti\/poltrona-poliform-modello-le-club\/","og_locale":"en_US","og_type":"article","og_title":"Poltrona Poliform modello Le Club - Arredamenti Trombetta","og_description":"&nbsp;  Ispirata alle voluminose poltrone in cuoio dei club del secolo scorso, Le Club reinterpreta in chiave contemporanea uno degli archetipi del design. Nessun compromesso sul comfort n\u00e9 sulla qualit\u00e0 dell\u2019esecuzione per una poltrona che alleggerisce le forme e i materiali, all\u2019insegna di un\u2019eleganza pi\u00f9 disinvolta. Fra artigianalit\u00e0 e tecnologia, Le Club \u00e8 destinata a non subire il passare del tempo, nuova icona di spazi domestici e luoghi istituzionali.  \u00a0DISPONIBILE IN RIV: PELLE SLIM 06 ROCCIA\u00a0  &nbsp;","og_url":"https:\/\/arredamentitrombetta.it\/prodotti\/poltrona-poliform-modello-le-club\/","og_site_name":"Arredamenti Trombetta","article_modified_time":"2022-05-07T10:06:14+00:00","og_image":[{"width":1000,"height":1000,"url":"https:\/\/arredamentitrombetta.it\/wp-content\/uploads\/web-le-club.jpg","type":"image\/jpeg"}],"twitter_card":"summary_large_image","twitter_misc":{"Est. reading time":"1 minute"},"schema":{"@context":"https:\/\/schema.org","@graph":[{"@type":"WebPage","@id":"https:\/\/arredamentitrombetta.it\/prodotti\/poltrona-poliform-modello-le-club\/","url":"https:\/\/arredamentitrombetta.it\/prodotti\/poltrona-poliform-modello-le-club\/","name":"Poltrona Poliform modello Le Club - Arredamenti Trombetta","isPartOf":{"@id":"https:\/\/arredamentitrombetta.it\/#website"},"datePublished":"2021-06-08T15:27:27+00:00","dateModified":"2022-05-07T10:06:14+00:00","breadcrumb":{"@id":"https:\/\/arredamentitrombetta.it\/prodotti\/poltrona-poliform-modello-le-club\/#breadcrumb"},"inLanguage":"en-US","potentialAction":[{"@type":"ReadAction","target":["https:\/\/arredamentitrombetta.it\/prodotti\/poltrona-poliform-modello-le-club\/"]}]},{"@type":"BreadcrumbList","@id":"https:\/\/arredamentitrombetta.it\/prodotti\/poltrona-poliform-modello-le-club\/#breadcrumb","itemListElement":[{"@type":"ListItem","position":1,"name":"Home","item":"https:\/\/arredamentitrombetta.it\/en\/"},{"@type":"ListItem","position":2,"name":"Shop","item":"https:\/\/arredamentitrombetta.it\/en\/shop-2\/"},{"@type":"ListItem","position":3,"name":"Poltrona Poliform modello Le Club"}]},{"@type":"WebSite","@id":"https:\/\/arredamentitrombetta.it\/#website","url":"https:\/\/arredamentitrombetta.it\/","name":"Arredamenti Trombetta","description":"Showroom di Arredamenti a Grumo Nevano","publisher":{"@id":"https:\/\/arredamentitrombetta.it\/#organization"},"potentialAction":[{"@type":"SearchAction","target":{"@type":"EntryPoint","urlTemplate":"https:\/\/arredamentitrombetta.it\/?s={search_term_string}"},"query-input":"required name=search_term_string"}],"inLanguage":"en-US"},{"@type":"Organization","@id":"https:\/\/arredamentitrombetta.it\/#organization","name":"Arredamenti Trombetta","url":"https:\/\/arredamentitrombetta.it\/","logo":{"@type":"ImageObject","inLanguage":"en-US","@id":"https:\/\/arredamentitrombetta.it\/#\/schema\/logo\/image\/","url":"https:\/\/arredamentitrombetta.it\/wp-content\/uploads\/2021\/03\/logo-svg.svg","contentUrl":"https:\/\/arredamentitrombetta.it\/wp-content\/uploads\/2021\/03\/logo-svg.svg","width":1469,"height":202,"caption":"Arredamenti Trombetta"},"image":{"@id":"https:\/\/arredamentitrombetta.it\/#\/schema\/logo\/image\/"}}]}},"_links":{"self":[{"href":"https:\/\/arredamentitrombetta.it\/en\/wp-json\/wp\/v2\/product\/1390","targetHints":{"allow":["GET"]}}],"collection":[{"href":"https:\/\/arredamentitrombetta.it\/en\/wp-json\/wp\/v2\/product"}],"about":[{"href":"https:\/\/arredamentitrombetta.it\/en\/wp-json\/wp\/v2\/types\/product"}],"replies":[{"embeddable":true,"href":"https:\/\/arredamentitrombetta.it\/en\/wp-json\/wp\/v2\/comments?post=1390"}],"wp:featuredmedia":[{"embeddable":true,"href":"https:\/\/arredamentitrombetta.it\/en\/wp-json\/wp\/v2\/media\/1392"}],"wp:attachment":[{"href":"https:\/\/arredamentitrombetta.it\/en\/wp-json\/wp\/v2\/media?parent=1390"}],"wp:term":[{"taxonomy":"product_cat","embeddable":true,"href":"https:\/\/arredamentitrombetta.it\/en\/wp-json\/wp\/v2\/product_cat?post=1390"},{"taxonomy":"product_tag","embeddable":true,"href":"https:\/\/arredamentitrombetta.it\/en\/wp-json\/wp\/v2\/product_tag?post=1390"}],"curies":[{"name":"wp","href":"https:\/\/api.w.org\/{rel}","templated":true}]}}