{"id":2467,"date":"2022-09-24T16:18:25","date_gmt":"2022-09-24T16:18:25","guid":{"rendered":"https:\/\/arredamentitrombetta.it\/?post_type=product&#038;p=2467"},"modified":"2023-08-26T11:27:47","modified_gmt":"2023-08-26T11:27:47","slug":"lampada-oluce-modello-atollo","status":"publish","type":"product","link":"https:\/\/arredamentitrombetta.it\/en\/prodotti\/lampada-oluce-modello-atollo\/","title":{"rendered":"LAMPADA OLUCE MODELLO ATOLLO"},"content":{"rendered":"<h1>LAMPADA ATOLLO<\/h1>\n<h3>DESIGNER : VICO MAGISTRETTI 1977<\/h3>\n<p>L&#8217;Atollo Oluce, da molti anni ormai, non \u00e8 pi\u00f9 una lampada o meglio non \u00e8 solo una lampada. \u00c8 un mito, \u00e8 un&#8217;icona: uno dei simboli pi\u00f9 accettati nel mondo del design, uno dei pochissimi prodotti che tutti riconoscono e chiamano per nome. Le forme geometriche che la compongono \u2013 il cilindro, il cono e la semisfera \u2013 hanno dato vita ad un prodotto decorativo ed essenziale allo stesso tempo, slegato dal periodo storico dalle mode del momento e divenuto ormai a pieno titolo una delle icone del design italiano.<\/p>\n<h4>SPECIFICHE TECNICHE<\/h4>\n<p><a href=\"https:\/\/arredamentitrombetta.it\/wp-content\/uploads\/ATOLLO-1_merged.pdf\">DOWNLOAD SCHEDA TECNICA ATOLLO\u00a0<\/a><\/p>\n<p>&nbsp;<\/p>\n<p>&nbsp;<\/p>\n<p>&nbsp;<\/p>\n","protected":false},"excerpt":{"rendered":"<p><strong>Atollo \u00e8 una lampada di Vico Magistretti per Oluce, struttura in alluminio verniciato bianco o nero.<\/strong><\/p>\n<p>Atollo \u00e8 una lampada che tra le tante rappresenta il Made in Italy nel mondo.<\/p>\n<p>&nbsp;<\/p>\n<p>DISPONIBILE IN 3 SETTIMANE<\/p>\n","protected":false},"featured_media":2473,"comment_status":"open","ping_status":"closed","template":"","meta":{"_mi_skip_tracking":false,"_monsterinsights_sitenote_active":false,"_monsterinsights_sitenote_note":"","_monsterinsights_sitenote_category":0},"product_cat":[20],"product_tag":[],"class_list":["post-2467","product","type-product","status-publish","has-post-thumbnail","hentry","product_cat-illuminazione"],"yoast_head":"<!-- This site is optimized with the Yoast SEO plugin v20.10 - https:\/\/yoast.com\/wordpress\/plugins\/seo\/ -->\n<title>LAMPADA OLUCE MODELLO ATOLLO - Arredamenti Trombetta<\/title>\n<meta name=\"robots\" content=\"index, follow, max-snippet:-1, max-image-preview:large, max-video-preview:-1\" \/>\n<link rel=\"canonical\" href=\"https:\/\/arredamentitrombetta.it\/prodotti\/lampada-oluce-modello-atollo\/\" \/>\n<meta property=\"og:locale\" content=\"en_US\" \/>\n<meta property=\"og:type\" content=\"article\" \/>\n<meta property=\"og:title\" content=\"LAMPADA OLUCE MODELLO ATOLLO - Arredamenti Trombetta\" \/>\n<meta property=\"og:description\" content=\"Atollo \u00e8 una lampada di Vico Magistretti per Oluce, struttura in alluminio verniciato bianco o nero.  Atollo \u00e8 una lampada che tra le tante rappresenta il Made in Italy nel mondo.  &nbsp;  DISPONIBILE IN 3 SETTIMANE\" \/>\n<meta property=\"og:url\" content=\"https:\/\/arredamentitrombetta.it\/prodotti\/lampada-oluce-modello-atollo\/\" \/>\n<meta property=\"og:site_name\" content=\"Arredamenti Trombetta\" \/>\n<meta property=\"article:modified_time\" content=\"2023-08-26T11:27:47+00:00\" \/>\n<meta property=\"og:image\" content=\"https:\/\/arredamentitrombetta.it\/wp-content\/uploads\/ATOLLO-OLUCE-GRANDE.jpg\" \/>\n\t<meta property=\"og:image:width\" content=\"1000\" \/>\n\t<meta property=\"og:image:height\" content=\"1000\" \/>\n\t<meta property=\"og:image:type\" content=\"image\/jpeg\" \/>\n<meta name=\"twitter:card\" content=\"summary_large_image\" \/>\n<meta name=\"twitter:label1\" content=\"Est. reading time\" \/>\n\t<meta name=\"twitter:data1\" content=\"1 minute\" \/>\n<script type=\"application\/ld+json\" class=\"yoast-schema-graph\">{\"@context\":\"https:\/\/schema.org\",\"@graph\":[{\"@type\":\"WebPage\",\"@id\":\"https:\/\/arredamentitrombetta.it\/prodotti\/lampada-oluce-modello-atollo\/\",\"url\":\"https:\/\/arredamentitrombetta.it\/prodotti\/lampada-oluce-modello-atollo\/\",\"name\":\"LAMPADA OLUCE MODELLO ATOLLO - Arredamenti Trombetta\",\"isPartOf\":{\"@id\":\"https:\/\/arredamentitrombetta.it\/#website\"},\"datePublished\":\"2022-09-24T16:18:25+00:00\",\"dateModified\":\"2023-08-26T11:27:47+00:00\",\"breadcrumb\":{\"@id\":\"https:\/\/arredamentitrombetta.it\/prodotti\/lampada-oluce-modello-atollo\/#breadcrumb\"},\"inLanguage\":\"en-US\",\"potentialAction\":[{\"@type\":\"ReadAction\",\"target\":[\"https:\/\/arredamentitrombetta.it\/prodotti\/lampada-oluce-modello-atollo\/\"]}]},{\"@type\":\"BreadcrumbList\",\"@id\":\"https:\/\/arredamentitrombetta.it\/prodotti\/lampada-oluce-modello-atollo\/#breadcrumb\",\"itemListElement\":[{\"@type\":\"ListItem\",\"position\":1,\"name\":\"Home\",\"item\":\"https:\/\/arredamentitrombetta.it\/en\/\"},{\"@type\":\"ListItem\",\"position\":2,\"name\":\"Shop\",\"item\":\"https:\/\/arredamentitrombetta.it\/en\/shop-2\/\"},{\"@type\":\"ListItem\",\"position\":3,\"name\":\"LAMPADA OLUCE MODELLO ATOLLO\"}]},{\"@type\":\"WebSite\",\"@id\":\"https:\/\/arredamentitrombetta.it\/#website\",\"url\":\"https:\/\/arredamentitrombetta.it\/\",\"name\":\"Arredamenti Trombetta\",\"description\":\"Showroom di Arredamenti a Grumo Nevano\",\"publisher\":{\"@id\":\"https:\/\/arredamentitrombetta.it\/#organization\"},\"potentialAction\":[{\"@type\":\"SearchAction\",\"target\":{\"@type\":\"EntryPoint\",\"urlTemplate\":\"https:\/\/arredamentitrombetta.it\/?s={search_term_string}\"},\"query-input\":\"required name=search_term_string\"}],\"inLanguage\":\"en-US\"},{\"@type\":\"Organization\",\"@id\":\"https:\/\/arredamentitrombetta.it\/#organization\",\"name\":\"Arredamenti Trombetta\",\"url\":\"https:\/\/arredamentitrombetta.it\/\",\"logo\":{\"@type\":\"ImageObject\",\"inLanguage\":\"en-US\",\"@id\":\"https:\/\/arredamentitrombetta.it\/#\/schema\/logo\/image\/\",\"url\":\"https:\/\/arredamentitrombetta.it\/wp-content\/uploads\/2021\/03\/logo-svg.svg\",\"contentUrl\":\"https:\/\/arredamentitrombetta.it\/wp-content\/uploads\/2021\/03\/logo-svg.svg\",\"width\":1469,\"height\":202,\"caption\":\"Arredamenti Trombetta\"},\"image\":{\"@id\":\"https:\/\/arredamentitrombetta.it\/#\/schema\/logo\/image\/\"}}]}<\/script>\n<!-- \/ Yoast SEO plugin. -->","yoast_head_json":{"title":"LAMPADA OLUCE MODELLO ATOLLO - Arredamenti Trombetta","robots":{"index":"index","follow":"follow","max-snippet":"max-snippet:-1","max-image-preview":"max-image-preview:large","max-video-preview":"max-video-preview:-1"},"canonical":"https:\/\/arredamentitrombetta.it\/prodotti\/lampada-oluce-modello-atollo\/","og_locale":"en_US","og_type":"article","og_title":"LAMPADA OLUCE MODELLO ATOLLO - Arredamenti Trombetta","og_description":"Atollo \u00e8 una lampada di Vico Magistretti per Oluce, struttura in alluminio verniciato bianco o nero.  Atollo \u00e8 una lampada che tra le tante rappresenta il Made in Italy nel mondo.  &nbsp;  DISPONIBILE IN 3 SETTIMANE","og_url":"https:\/\/arredamentitrombetta.it\/prodotti\/lampada-oluce-modello-atollo\/","og_site_name":"Arredamenti Trombetta","article_modified_time":"2023-08-26T11:27:47+00:00","og_image":[{"width":1000,"height":1000,"url":"https:\/\/arredamentitrombetta.it\/wp-content\/uploads\/ATOLLO-OLUCE-GRANDE.jpg","type":"image\/jpeg"}],"twitter_card":"summary_large_image","twitter_misc":{"Est. reading time":"1 minute"},"schema":{"@context":"https:\/\/schema.org","@graph":[{"@type":"WebPage","@id":"https:\/\/arredamentitrombetta.it\/prodotti\/lampada-oluce-modello-atollo\/","url":"https:\/\/arredamentitrombetta.it\/prodotti\/lampada-oluce-modello-atollo\/","name":"LAMPADA OLUCE MODELLO ATOLLO - Arredamenti Trombetta","isPartOf":{"@id":"https:\/\/arredamentitrombetta.it\/#website"},"datePublished":"2022-09-24T16:18:25+00:00","dateModified":"2023-08-26T11:27:47+00:00","breadcrumb":{"@id":"https:\/\/arredamentitrombetta.it\/prodotti\/lampada-oluce-modello-atollo\/#breadcrumb"},"inLanguage":"en-US","potentialAction":[{"@type":"ReadAction","target":["https:\/\/arredamentitrombetta.it\/prodotti\/lampada-oluce-modello-atollo\/"]}]},{"@type":"BreadcrumbList","@id":"https:\/\/arredamentitrombetta.it\/prodotti\/lampada-oluce-modello-atollo\/#breadcrumb","itemListElement":[{"@type":"ListItem","position":1,"name":"Home","item":"https:\/\/arredamentitrombetta.it\/en\/"},{"@type":"ListItem","position":2,"name":"Shop","item":"https:\/\/arredamentitrombetta.it\/en\/shop-2\/"},{"@type":"ListItem","position":3,"name":"LAMPADA OLUCE MODELLO ATOLLO"}]},{"@type":"WebSite","@id":"https:\/\/arredamentitrombetta.it\/#website","url":"https:\/\/arredamentitrombetta.it\/","name":"Arredamenti Trombetta","description":"Showroom di Arredamenti a Grumo Nevano","publisher":{"@id":"https:\/\/arredamentitrombetta.it\/#organization"},"potentialAction":[{"@type":"SearchAction","target":{"@type":"EntryPoint","urlTemplate":"https:\/\/arredamentitrombetta.it\/?s={search_term_string}"},"query-input":"required name=search_term_string"}],"inLanguage":"en-US"},{"@type":"Organization","@id":"https:\/\/arredamentitrombetta.it\/#organization","name":"Arredamenti Trombetta","url":"https:\/\/arredamentitrombetta.it\/","logo":{"@type":"ImageObject","inLanguage":"en-US","@id":"https:\/\/arredamentitrombetta.it\/#\/schema\/logo\/image\/","url":"https:\/\/arredamentitrombetta.it\/wp-content\/uploads\/2021\/03\/logo-svg.svg","contentUrl":"https:\/\/arredamentitrombetta.it\/wp-content\/uploads\/2021\/03\/logo-svg.svg","width":1469,"height":202,"caption":"Arredamenti Trombetta"},"image":{"@id":"https:\/\/arredamentitrombetta.it\/#\/schema\/logo\/image\/"}}]}},"_links":{"self":[{"href":"https:\/\/arredamentitrombetta.it\/en\/wp-json\/wp\/v2\/product\/2467","targetHints":{"allow":["GET"]}}],"collection":[{"href":"https:\/\/arredamentitrombetta.it\/en\/wp-json\/wp\/v2\/product"}],"about":[{"href":"https:\/\/arredamentitrombetta.it\/en\/wp-json\/wp\/v2\/types\/product"}],"replies":[{"embeddable":true,"href":"https:\/\/arredamentitrombetta.it\/en\/wp-json\/wp\/v2\/comments?post=2467"}],"wp:featuredmedia":[{"embeddable":true,"href":"https:\/\/arredamentitrombetta.it\/en\/wp-json\/wp\/v2\/media\/2473"}],"wp:attachment":[{"href":"https:\/\/arredamentitrombetta.it\/en\/wp-json\/wp\/v2\/media?parent=2467"}],"wp:term":[{"taxonomy":"product_cat","embeddable":true,"href":"https:\/\/arredamentitrombetta.it\/en\/wp-json\/wp\/v2\/product_cat?post=2467"},{"taxonomy":"product_tag","embeddable":true,"href":"https:\/\/arredamentitrombetta.it\/en\/wp-json\/wp\/v2\/product_tag?post=2467"}],"curies":[{"name":"wp","href":"https:\/\/api.w.org\/{rel}","templated":true}]}}