{"id":303,"date":"2021-04-27T09:10:03","date_gmt":"2021-04-27T09:10:03","guid":{"rendered":"https:\/\/arredamentitrombetta.it\/?post_type=product&#038;p=303"},"modified":"2021-04-27T09:11:33","modified_gmt":"2021-04-27T09:11:33","slug":"poltrona-edra-modello-getsuen","status":"publish","type":"product","link":"https:\/\/arredamentitrombetta.it\/en\/prodotti\/poltrona-edra-modello-getsuen\/","title":{"rendered":"Poltrona Edra modello Getsuen"},"content":{"rendered":"<h3>Poltrona Getsuen<\/h3>\n<h4>Designer: Masanori Umeda<\/h4>\n<div class=\"vis-cont-prod-text\">\n<p>A forma di giglio, \u00e8 il risultato dell\u2019alta tecnologia abbinata al virtuosismo esecutivo. La sagoma accogliente nasconde una complessa struttura d\u2019acciaio sapientemente modellata, per un comfort impensabile.<\/p>\n<p>L\u2019imbottitura \u00e8 in poliuretano espanso. \u00c8 dotata di ruote posteriori, in PLT verde fluorescente, che consentono un agevole spostamento. Il rivestimento \u00e8 in velluto nei colori disponibili a campionario.<\/p>\n<\/div>\n","protected":false},"excerpt":{"rendered":"<p>Poltrona a forma di giglio, delicata di aspetto, ma che nasconde una solida struttura d\u2019acciaio modellata manualmente. Alta tecnologia abbinata ad abilit\u00e0 di esecuzione.<\/p>\n","protected":false},"featured_media":304,"comment_status":"open","ping_status":"closed","template":"","meta":{"_mi_skip_tracking":false,"_monsterinsights_sitenote_active":false,"_monsterinsights_sitenote_note":"","_monsterinsights_sitenote_category":0},"product_cat":[33],"product_tag":[],"class_list":["post-303","product","type-product","status-publish","has-post-thumbnail","hentry","product_cat-poltrone"],"yoast_head":"<!-- This site is optimized with the Yoast SEO plugin v20.10 - https:\/\/yoast.com\/wordpress\/plugins\/seo\/ -->\n<title>Poltrona Edra modello Getsuen - Arredamenti Trombetta<\/title>\n<meta name=\"robots\" content=\"index, follow, max-snippet:-1, max-image-preview:large, max-video-preview:-1\" \/>\n<link rel=\"canonical\" href=\"https:\/\/arredamentitrombetta.it\/prodotti\/poltrona-edra-modello-getsuen\/\" \/>\n<meta property=\"og:locale\" content=\"en_US\" \/>\n<meta property=\"og:type\" content=\"article\" \/>\n<meta property=\"og:title\" content=\"Poltrona Edra modello Getsuen - Arredamenti Trombetta\" \/>\n<meta property=\"og:description\" content=\"Poltrona a forma di giglio, delicata di aspetto, ma che nasconde una solida struttura d\u2019acciaio modellata manualmente. Alta tecnologia abbinata ad abilit\u00e0 di esecuzione.\" \/>\n<meta property=\"og:url\" content=\"https:\/\/arredamentitrombetta.it\/prodotti\/poltrona-edra-modello-getsuen\/\" \/>\n<meta property=\"og:site_name\" content=\"Arredamenti Trombetta\" \/>\n<meta property=\"article:modified_time\" content=\"2021-04-27T09:11:33+00:00\" \/>\n<meta property=\"og:image\" content=\"https:\/\/arredamentitrombetta.it\/wp-content\/uploads\/poltrona-getsuen.jpg\" \/>\n\t<meta property=\"og:image:width\" content=\"1000\" \/>\n\t<meta property=\"og:image:height\" content=\"1000\" \/>\n\t<meta property=\"og:image:type\" content=\"image\/jpeg\" \/>\n<meta name=\"twitter:card\" content=\"summary_large_image\" \/>\n<meta name=\"twitter:label1\" content=\"Est. reading time\" \/>\n\t<meta name=\"twitter:data1\" content=\"1 minute\" \/>\n<script type=\"application\/ld+json\" class=\"yoast-schema-graph\">{\"@context\":\"https:\/\/schema.org\",\"@graph\":[{\"@type\":\"WebPage\",\"@id\":\"https:\/\/arredamentitrombetta.it\/prodotti\/poltrona-edra-modello-getsuen\/\",\"url\":\"https:\/\/arredamentitrombetta.it\/prodotti\/poltrona-edra-modello-getsuen\/\",\"name\":\"Poltrona Edra modello Getsuen - Arredamenti Trombetta\",\"isPartOf\":{\"@id\":\"https:\/\/arredamentitrombetta.it\/#website\"},\"datePublished\":\"2021-04-27T09:10:03+00:00\",\"dateModified\":\"2021-04-27T09:11:33+00:00\",\"breadcrumb\":{\"@id\":\"https:\/\/arredamentitrombetta.it\/prodotti\/poltrona-edra-modello-getsuen\/#breadcrumb\"},\"inLanguage\":\"en-US\",\"potentialAction\":[{\"@type\":\"ReadAction\",\"target\":[\"https:\/\/arredamentitrombetta.it\/prodotti\/poltrona-edra-modello-getsuen\/\"]}]},{\"@type\":\"BreadcrumbList\",\"@id\":\"https:\/\/arredamentitrombetta.it\/prodotti\/poltrona-edra-modello-getsuen\/#breadcrumb\",\"itemListElement\":[{\"@type\":\"ListItem\",\"position\":1,\"name\":\"Home\",\"item\":\"https:\/\/arredamentitrombetta.it\/en\/\"},{\"@type\":\"ListItem\",\"position\":2,\"name\":\"Shop\",\"item\":\"https:\/\/arredamentitrombetta.it\/en\/shop-2\/\"},{\"@type\":\"ListItem\",\"position\":3,\"name\":\"Poltrona Edra modello Getsuen\"}]},{\"@type\":\"WebSite\",\"@id\":\"https:\/\/arredamentitrombetta.it\/#website\",\"url\":\"https:\/\/arredamentitrombetta.it\/\",\"name\":\"Arredamenti Trombetta\",\"description\":\"Showroom di Arredamenti a Grumo Nevano\",\"publisher\":{\"@id\":\"https:\/\/arredamentitrombetta.it\/#organization\"},\"potentialAction\":[{\"@type\":\"SearchAction\",\"target\":{\"@type\":\"EntryPoint\",\"urlTemplate\":\"https:\/\/arredamentitrombetta.it\/?s={search_term_string}\"},\"query-input\":\"required name=search_term_string\"}],\"inLanguage\":\"en-US\"},{\"@type\":\"Organization\",\"@id\":\"https:\/\/arredamentitrombetta.it\/#organization\",\"name\":\"Arredamenti Trombetta\",\"url\":\"https:\/\/arredamentitrombetta.it\/\",\"logo\":{\"@type\":\"ImageObject\",\"inLanguage\":\"en-US\",\"@id\":\"https:\/\/arredamentitrombetta.it\/#\/schema\/logo\/image\/\",\"url\":\"https:\/\/arredamentitrombetta.it\/wp-content\/uploads\/2021\/03\/logo-svg.svg\",\"contentUrl\":\"https:\/\/arredamentitrombetta.it\/wp-content\/uploads\/2021\/03\/logo-svg.svg\",\"width\":1469,\"height\":202,\"caption\":\"Arredamenti Trombetta\"},\"image\":{\"@id\":\"https:\/\/arredamentitrombetta.it\/#\/schema\/logo\/image\/\"}}]}<\/script>\n<!-- \/ Yoast SEO plugin. -->","yoast_head_json":{"title":"Poltrona Edra modello Getsuen - Arredamenti Trombetta","robots":{"index":"index","follow":"follow","max-snippet":"max-snippet:-1","max-image-preview":"max-image-preview:large","max-video-preview":"max-video-preview:-1"},"canonical":"https:\/\/arredamentitrombetta.it\/prodotti\/poltrona-edra-modello-getsuen\/","og_locale":"en_US","og_type":"article","og_title":"Poltrona Edra modello Getsuen - Arredamenti Trombetta","og_description":"Poltrona a forma di giglio, delicata di aspetto, ma che nasconde una solida struttura d\u2019acciaio modellata manualmente. Alta tecnologia abbinata ad abilit\u00e0 di esecuzione.","og_url":"https:\/\/arredamentitrombetta.it\/prodotti\/poltrona-edra-modello-getsuen\/","og_site_name":"Arredamenti Trombetta","article_modified_time":"2021-04-27T09:11:33+00:00","og_image":[{"width":1000,"height":1000,"url":"https:\/\/arredamentitrombetta.it\/wp-content\/uploads\/poltrona-getsuen.jpg","type":"image\/jpeg"}],"twitter_card":"summary_large_image","twitter_misc":{"Est. reading time":"1 minute"},"schema":{"@context":"https:\/\/schema.org","@graph":[{"@type":"WebPage","@id":"https:\/\/arredamentitrombetta.it\/prodotti\/poltrona-edra-modello-getsuen\/","url":"https:\/\/arredamentitrombetta.it\/prodotti\/poltrona-edra-modello-getsuen\/","name":"Poltrona Edra modello Getsuen - Arredamenti Trombetta","isPartOf":{"@id":"https:\/\/arredamentitrombetta.it\/#website"},"datePublished":"2021-04-27T09:10:03+00:00","dateModified":"2021-04-27T09:11:33+00:00","breadcrumb":{"@id":"https:\/\/arredamentitrombetta.it\/prodotti\/poltrona-edra-modello-getsuen\/#breadcrumb"},"inLanguage":"en-US","potentialAction":[{"@type":"ReadAction","target":["https:\/\/arredamentitrombetta.it\/prodotti\/poltrona-edra-modello-getsuen\/"]}]},{"@type":"BreadcrumbList","@id":"https:\/\/arredamentitrombetta.it\/prodotti\/poltrona-edra-modello-getsuen\/#breadcrumb","itemListElement":[{"@type":"ListItem","position":1,"name":"Home","item":"https:\/\/arredamentitrombetta.it\/en\/"},{"@type":"ListItem","position":2,"name":"Shop","item":"https:\/\/arredamentitrombetta.it\/en\/shop-2\/"},{"@type":"ListItem","position":3,"name":"Poltrona Edra modello Getsuen"}]},{"@type":"WebSite","@id":"https:\/\/arredamentitrombetta.it\/#website","url":"https:\/\/arredamentitrombetta.it\/","name":"Arredamenti Trombetta","description":"Showroom di Arredamenti a Grumo Nevano","publisher":{"@id":"https:\/\/arredamentitrombetta.it\/#organization"},"potentialAction":[{"@type":"SearchAction","target":{"@type":"EntryPoint","urlTemplate":"https:\/\/arredamentitrombetta.it\/?s={search_term_string}"},"query-input":"required name=search_term_string"}],"inLanguage":"en-US"},{"@type":"Organization","@id":"https:\/\/arredamentitrombetta.it\/#organization","name":"Arredamenti Trombetta","url":"https:\/\/arredamentitrombetta.it\/","logo":{"@type":"ImageObject","inLanguage":"en-US","@id":"https:\/\/arredamentitrombetta.it\/#\/schema\/logo\/image\/","url":"https:\/\/arredamentitrombetta.it\/wp-content\/uploads\/2021\/03\/logo-svg.svg","contentUrl":"https:\/\/arredamentitrombetta.it\/wp-content\/uploads\/2021\/03\/logo-svg.svg","width":1469,"height":202,"caption":"Arredamenti Trombetta"},"image":{"@id":"https:\/\/arredamentitrombetta.it\/#\/schema\/logo\/image\/"}}]}},"_links":{"self":[{"href":"https:\/\/arredamentitrombetta.it\/en\/wp-json\/wp\/v2\/product\/303","targetHints":{"allow":["GET"]}}],"collection":[{"href":"https:\/\/arredamentitrombetta.it\/en\/wp-json\/wp\/v2\/product"}],"about":[{"href":"https:\/\/arredamentitrombetta.it\/en\/wp-json\/wp\/v2\/types\/product"}],"replies":[{"embeddable":true,"href":"https:\/\/arredamentitrombetta.it\/en\/wp-json\/wp\/v2\/comments?post=303"}],"wp:featuredmedia":[{"embeddable":true,"href":"https:\/\/arredamentitrombetta.it\/en\/wp-json\/wp\/v2\/media\/304"}],"wp:attachment":[{"href":"https:\/\/arredamentitrombetta.it\/en\/wp-json\/wp\/v2\/media?parent=303"}],"wp:term":[{"taxonomy":"product_cat","embeddable":true,"href":"https:\/\/arredamentitrombetta.it\/en\/wp-json\/wp\/v2\/product_cat?post=303"},{"taxonomy":"product_tag","embeddable":true,"href":"https:\/\/arredamentitrombetta.it\/en\/wp-json\/wp\/v2\/product_tag?post=303"}],"curies":[{"name":"wp","href":"https:\/\/api.w.org\/{rel}","templated":true}]}}