{"id":525,"date":"2021-05-06T10:19:06","date_gmt":"2021-05-06T10:19:06","guid":{"rendered":"https:\/\/arredamentitrombetta.it\/?post_type=product&#038;p=525"},"modified":"2021-05-06T20:26:50","modified_gmt":"2021-05-06T20:26:50","slug":"tavolo-giorgetti-fang","status":"publish","type":"product","link":"https:\/\/arredamentitrombetta.it\/en\/prodotti\/tavolo-giorgetti-fang\/","title":{"rendered":"Tavolo modello Giorgetti Fang"},"content":{"rendered":"<h1>Tavolo Fang<\/h1>\n<h2>DESIGN MVW 2013<\/h2>\n<p class=\"text\">Fang arreda con funzionalit\u00e0 ed eleganza, proponendo materiali dalla forte personalit\u00e0 e interessanti giochidi volumi e spessori.<\/p>\n<h4>Scheda Tecnica<\/h4>\n<p><a href=\"https:\/\/arredamentitrombetta.it\/wp-content\/uploads\/FANG.pdf\">Download scheda tecnica FANG<\/a><\/p>\n<p>&nbsp;<\/p>\n","protected":false},"excerpt":{"rendered":"<p>Nato dall\u2019idea di riunirsi, radunarsi, Fang esprime il concetto che il tavolo \u00e8 sempre stato un elemento fondale dell\u2019arredo e il centro della casa: oggetto di servizio e luogo di convivialit\u00e0, con il tempo il tavolo si \u00e8 rinnovato, facendo sempre pi\u00f9 attenzione allo stile e ai materiali.<\/p>\n<p>La versione rotonda prevede un piano girevole in cristallo glac\u00e8, mentre quella rettangolare un inserto in onice bianco o un inserto formato da un kit di vassoi in vetro di colore grigio pietra. L&#8217;inserto si pu\u00f2 capovolgere e avere cos\u00ec il top totalmente piano.<\/p>\n","protected":false},"featured_media":586,"comment_status":"open","ping_status":"closed","template":"","meta":{"_mi_skip_tracking":false,"_monsterinsights_sitenote_active":false,"_monsterinsights_sitenote_note":"","_monsterinsights_sitenote_category":0},"product_cat":[83],"product_tag":[],"class_list":["post-525","product","type-product","status-publish","has-post-thumbnail","hentry","product_cat-tavoli"],"yoast_head":"<!-- This site is optimized with the Yoast SEO plugin v20.10 - https:\/\/yoast.com\/wordpress\/plugins\/seo\/ -->\n<title>Tavolo modello Giorgetti Fang - Arredamenti Trombetta<\/title>\n<meta name=\"robots\" content=\"index, follow, max-snippet:-1, max-image-preview:large, max-video-preview:-1\" \/>\n<link rel=\"canonical\" href=\"https:\/\/arredamentitrombetta.it\/en\/prodotti\/tavolo-giorgetti-fang\/\" \/>\n<meta property=\"og:locale\" content=\"en_US\" \/>\n<meta property=\"og:type\" content=\"article\" \/>\n<meta property=\"og:title\" content=\"Tavolo modello Giorgetti Fang - Arredamenti Trombetta\" \/>\n<meta property=\"og:description\" content=\"Nato dall\u2019idea di riunirsi, radunarsi, Fang esprime il concetto che il tavolo \u00e8 sempre stato un elemento fondale dell\u2019arredo e il centro della casa: oggetto di servizio e luogo di convivialit\u00e0, con il tempo il tavolo si \u00e8 rinnovato, facendo sempre pi\u00f9 attenzione allo stile e ai materiali.  La versione rotonda prevede un piano girevole in cristallo glac\u00e8, mentre quella rettangolare un inserto in onice bianco o un inserto formato da un kit di vassoi in vetro di colore grigio pietra. L&#039;inserto si pu\u00f2 capovolgere e avere cos\u00ec il top totalmente piano.\" \/>\n<meta property=\"og:url\" content=\"https:\/\/arredamentitrombetta.it\/en\/prodotti\/tavolo-giorgetti-fang\/\" \/>\n<meta property=\"og:site_name\" content=\"Arredamenti Trombetta\" \/>\n<meta property=\"article:modified_time\" content=\"2021-05-06T20:26:50+00:00\" \/>\n<meta property=\"og:image\" content=\"https:\/\/arredamentitrombetta.it\/wp-content\/uploads\/tavolo-fang.jpg\" \/>\n\t<meta property=\"og:image:width\" content=\"1000\" \/>\n\t<meta property=\"og:image:height\" content=\"1000\" \/>\n\t<meta property=\"og:image:type\" content=\"image\/jpeg\" \/>\n<meta name=\"twitter:card\" content=\"summary_large_image\" \/>\n<meta name=\"twitter:label1\" content=\"Est. reading time\" \/>\n\t<meta name=\"twitter:data1\" content=\"1 minute\" \/>\n<script type=\"application\/ld+json\" class=\"yoast-schema-graph\">{\"@context\":\"https:\/\/schema.org\",\"@graph\":[{\"@type\":\"WebPage\",\"@id\":\"https:\/\/arredamentitrombetta.it\/en\/prodotti\/tavolo-giorgetti-fang\/\",\"url\":\"https:\/\/arredamentitrombetta.it\/en\/prodotti\/tavolo-giorgetti-fang\/\",\"name\":\"Tavolo modello Giorgetti Fang - Arredamenti Trombetta\",\"isPartOf\":{\"@id\":\"https:\/\/arredamentitrombetta.it\/#website\"},\"datePublished\":\"2021-05-06T10:19:06+00:00\",\"dateModified\":\"2021-05-06T20:26:50+00:00\",\"breadcrumb\":{\"@id\":\"https:\/\/arredamentitrombetta.it\/en\/prodotti\/tavolo-giorgetti-fang\/#breadcrumb\"},\"inLanguage\":\"en-US\",\"potentialAction\":[{\"@type\":\"ReadAction\",\"target\":[\"https:\/\/arredamentitrombetta.it\/en\/prodotti\/tavolo-giorgetti-fang\/\"]}]},{\"@type\":\"BreadcrumbList\",\"@id\":\"https:\/\/arredamentitrombetta.it\/en\/prodotti\/tavolo-giorgetti-fang\/#breadcrumb\",\"itemListElement\":[{\"@type\":\"ListItem\",\"position\":1,\"name\":\"Home\",\"item\":\"https:\/\/arredamentitrombetta.it\/en\/\"},{\"@type\":\"ListItem\",\"position\":2,\"name\":\"Shop\",\"item\":\"https:\/\/arredamentitrombetta.it\/en\/shop-2\/\"},{\"@type\":\"ListItem\",\"position\":3,\"name\":\"Tavolo modello Giorgetti Fang\"}]},{\"@type\":\"WebSite\",\"@id\":\"https:\/\/arredamentitrombetta.it\/#website\",\"url\":\"https:\/\/arredamentitrombetta.it\/\",\"name\":\"Arredamenti Trombetta\",\"description\":\"Showroom di Arredamenti a Grumo Nevano\",\"publisher\":{\"@id\":\"https:\/\/arredamentitrombetta.it\/#organization\"},\"potentialAction\":[{\"@type\":\"SearchAction\",\"target\":{\"@type\":\"EntryPoint\",\"urlTemplate\":\"https:\/\/arredamentitrombetta.it\/?s={search_term_string}\"},\"query-input\":\"required name=search_term_string\"}],\"inLanguage\":\"en-US\"},{\"@type\":\"Organization\",\"@id\":\"https:\/\/arredamentitrombetta.it\/#organization\",\"name\":\"Arredamenti Trombetta\",\"url\":\"https:\/\/arredamentitrombetta.it\/\",\"logo\":{\"@type\":\"ImageObject\",\"inLanguage\":\"en-US\",\"@id\":\"https:\/\/arredamentitrombetta.it\/#\/schema\/logo\/image\/\",\"url\":\"https:\/\/arredamentitrombetta.it\/wp-content\/uploads\/2021\/03\/logo-svg.svg\",\"contentUrl\":\"https:\/\/arredamentitrombetta.it\/wp-content\/uploads\/2021\/03\/logo-svg.svg\",\"width\":1469,\"height\":202,\"caption\":\"Arredamenti Trombetta\"},\"image\":{\"@id\":\"https:\/\/arredamentitrombetta.it\/#\/schema\/logo\/image\/\"}}]}<\/script>\n<!-- \/ Yoast SEO plugin. -->","yoast_head_json":{"title":"Tavolo modello Giorgetti Fang - Arredamenti Trombetta","robots":{"index":"index","follow":"follow","max-snippet":"max-snippet:-1","max-image-preview":"max-image-preview:large","max-video-preview":"max-video-preview:-1"},"canonical":"https:\/\/arredamentitrombetta.it\/en\/prodotti\/tavolo-giorgetti-fang\/","og_locale":"en_US","og_type":"article","og_title":"Tavolo modello Giorgetti Fang - Arredamenti Trombetta","og_description":"Nato dall\u2019idea di riunirsi, radunarsi, Fang esprime il concetto che il tavolo \u00e8 sempre stato un elemento fondale dell\u2019arredo e il centro della casa: oggetto di servizio e luogo di convivialit\u00e0, con il tempo il tavolo si \u00e8 rinnovato, facendo sempre pi\u00f9 attenzione allo stile e ai materiali.  La versione rotonda prevede un piano girevole in cristallo glac\u00e8, mentre quella rettangolare un inserto in onice bianco o un inserto formato da un kit di vassoi in vetro di colore grigio pietra. L'inserto si pu\u00f2 capovolgere e avere cos\u00ec il top totalmente piano.","og_url":"https:\/\/arredamentitrombetta.it\/en\/prodotti\/tavolo-giorgetti-fang\/","og_site_name":"Arredamenti Trombetta","article_modified_time":"2021-05-06T20:26:50+00:00","og_image":[{"width":1000,"height":1000,"url":"https:\/\/arredamentitrombetta.it\/wp-content\/uploads\/tavolo-fang.jpg","type":"image\/jpeg"}],"twitter_card":"summary_large_image","twitter_misc":{"Est. reading time":"1 minute"},"schema":{"@context":"https:\/\/schema.org","@graph":[{"@type":"WebPage","@id":"https:\/\/arredamentitrombetta.it\/en\/prodotti\/tavolo-giorgetti-fang\/","url":"https:\/\/arredamentitrombetta.it\/en\/prodotti\/tavolo-giorgetti-fang\/","name":"Tavolo modello Giorgetti Fang - Arredamenti Trombetta","isPartOf":{"@id":"https:\/\/arredamentitrombetta.it\/#website"},"datePublished":"2021-05-06T10:19:06+00:00","dateModified":"2021-05-06T20:26:50+00:00","breadcrumb":{"@id":"https:\/\/arredamentitrombetta.it\/en\/prodotti\/tavolo-giorgetti-fang\/#breadcrumb"},"inLanguage":"en-US","potentialAction":[{"@type":"ReadAction","target":["https:\/\/arredamentitrombetta.it\/en\/prodotti\/tavolo-giorgetti-fang\/"]}]},{"@type":"BreadcrumbList","@id":"https:\/\/arredamentitrombetta.it\/en\/prodotti\/tavolo-giorgetti-fang\/#breadcrumb","itemListElement":[{"@type":"ListItem","position":1,"name":"Home","item":"https:\/\/arredamentitrombetta.it\/en\/"},{"@type":"ListItem","position":2,"name":"Shop","item":"https:\/\/arredamentitrombetta.it\/en\/shop-2\/"},{"@type":"ListItem","position":3,"name":"Tavolo modello Giorgetti Fang"}]},{"@type":"WebSite","@id":"https:\/\/arredamentitrombetta.it\/#website","url":"https:\/\/arredamentitrombetta.it\/","name":"Arredamenti Trombetta","description":"Showroom di Arredamenti a Grumo Nevano","publisher":{"@id":"https:\/\/arredamentitrombetta.it\/#organization"},"potentialAction":[{"@type":"SearchAction","target":{"@type":"EntryPoint","urlTemplate":"https:\/\/arredamentitrombetta.it\/?s={search_term_string}"},"query-input":"required name=search_term_string"}],"inLanguage":"en-US"},{"@type":"Organization","@id":"https:\/\/arredamentitrombetta.it\/#organization","name":"Arredamenti Trombetta","url":"https:\/\/arredamentitrombetta.it\/","logo":{"@type":"ImageObject","inLanguage":"en-US","@id":"https:\/\/arredamentitrombetta.it\/#\/schema\/logo\/image\/","url":"https:\/\/arredamentitrombetta.it\/wp-content\/uploads\/2021\/03\/logo-svg.svg","contentUrl":"https:\/\/arredamentitrombetta.it\/wp-content\/uploads\/2021\/03\/logo-svg.svg","width":1469,"height":202,"caption":"Arredamenti Trombetta"},"image":{"@id":"https:\/\/arredamentitrombetta.it\/#\/schema\/logo\/image\/"}}]}},"_links":{"self":[{"href":"https:\/\/arredamentitrombetta.it\/en\/wp-json\/wp\/v2\/product\/525","targetHints":{"allow":["GET"]}}],"collection":[{"href":"https:\/\/arredamentitrombetta.it\/en\/wp-json\/wp\/v2\/product"}],"about":[{"href":"https:\/\/arredamentitrombetta.it\/en\/wp-json\/wp\/v2\/types\/product"}],"replies":[{"embeddable":true,"href":"https:\/\/arredamentitrombetta.it\/en\/wp-json\/wp\/v2\/comments?post=525"}],"wp:featuredmedia":[{"embeddable":true,"href":"https:\/\/arredamentitrombetta.it\/en\/wp-json\/wp\/v2\/media\/586"}],"wp:attachment":[{"href":"https:\/\/arredamentitrombetta.it\/en\/wp-json\/wp\/v2\/media?parent=525"}],"wp:term":[{"taxonomy":"product_cat","embeddable":true,"href":"https:\/\/arredamentitrombetta.it\/en\/wp-json\/wp\/v2\/product_cat?post=525"},{"taxonomy":"product_tag","embeddable":true,"href":"https:\/\/arredamentitrombetta.it\/en\/wp-json\/wp\/v2\/product_tag?post=525"}],"curies":[{"name":"wp","href":"https:\/\/api.w.org\/{rel}","templated":true}]}}