{"id":529,"date":"2021-05-06T10:24:00","date_gmt":"2021-05-06T10:24:00","guid":{"rendered":"https:\/\/arredamentitrombetta.it\/?post_type=product&#038;p=529"},"modified":"2021-05-06T20:37:07","modified_gmt":"2021-05-06T20:37:07","slug":"tavolo-giorgetti-gordon","status":"publish","type":"product","link":"https:\/\/arredamentitrombetta.it\/en\/prodotti\/tavolo-giorgetti-gordon\/","title":{"rendered":"Tavolo Giorgetti modello Gordon"},"content":{"rendered":"<h1>Tavolo Gordon<\/h1>\n<h2>Designer: ROBERTO LAZZERONI 2014<\/h2>\n<p class=\"text\">Gordon nasce dall&#8217;equilibrato incontro del grande piano con le colonne massicce che funzionano da basi.<\/p>\n<h4>Scheda Tecnica<\/h4>\n<p><a href=\"https:\/\/arredamentitrombetta.it\/wp-content\/uploads\/GORDON.pdf\">Download Scheda tecnica GORDON<\/a><\/p>\n","protected":false},"excerpt":{"rendered":"<p>Il tavolo \u00e8 disponibile con piano rotondo o rettangolare, la cui rigidit\u00e0 geometrica \u00e8 ingentilita da una smussatura degli angoli. La versione rotonda da 250 centimetri prevede un piano girevole con inserto in cristallo glac\u00e9.<\/p>\n","protected":false},"featured_media":599,"comment_status":"open","ping_status":"closed","template":"","meta":{"_mi_skip_tracking":false,"_monsterinsights_sitenote_active":false,"_monsterinsights_sitenote_note":"","_monsterinsights_sitenote_category":0},"product_cat":[83],"product_tag":[],"class_list":["post-529","product","type-product","status-publish","has-post-thumbnail","hentry","product_cat-tavoli"],"yoast_head":"<!-- This site is optimized with the Yoast SEO plugin v20.10 - https:\/\/yoast.com\/wordpress\/plugins\/seo\/ -->\n<title>Tavolo Giorgetti modello Gordon - Arredamenti Trombetta<\/title>\n<meta name=\"robots\" content=\"index, follow, max-snippet:-1, max-image-preview:large, max-video-preview:-1\" \/>\n<link rel=\"canonical\" href=\"https:\/\/arredamentitrombetta.it\/prodotti\/tavolo-giorgetti-gordon\/\" \/>\n<meta property=\"og:locale\" content=\"en_US\" \/>\n<meta property=\"og:type\" content=\"article\" \/>\n<meta property=\"og:title\" content=\"Tavolo Giorgetti modello Gordon - Arredamenti Trombetta\" \/>\n<meta property=\"og:description\" content=\"Il tavolo \u00e8 disponibile con piano rotondo o rettangolare, la cui rigidit\u00e0 geometrica \u00e8 ingentilita da una smussatura degli angoli. La versione rotonda da 250 centimetri prevede un piano girevole con inserto in cristallo glac\u00e9.\" \/>\n<meta property=\"og:url\" content=\"https:\/\/arredamentitrombetta.it\/prodotti\/tavolo-giorgetti-gordon\/\" \/>\n<meta property=\"og:site_name\" content=\"Arredamenti Trombetta\" \/>\n<meta property=\"article:modified_time\" content=\"2021-05-06T20:37:07+00:00\" \/>\n<meta property=\"og:image\" content=\"https:\/\/arredamentitrombetta.it\/wp-content\/uploads\/tavolo-gordon.jpg\" \/>\n\t<meta property=\"og:image:width\" content=\"1000\" \/>\n\t<meta property=\"og:image:height\" content=\"1000\" \/>\n\t<meta property=\"og:image:type\" content=\"image\/jpeg\" \/>\n<meta name=\"twitter:card\" content=\"summary_large_image\" \/>\n<meta name=\"twitter:label1\" content=\"Est. reading time\" \/>\n\t<meta name=\"twitter:data1\" content=\"1 minute\" \/>\n<script type=\"application\/ld+json\" class=\"yoast-schema-graph\">{\"@context\":\"https:\/\/schema.org\",\"@graph\":[{\"@type\":\"WebPage\",\"@id\":\"https:\/\/arredamentitrombetta.it\/prodotti\/tavolo-giorgetti-gordon\/\",\"url\":\"https:\/\/arredamentitrombetta.it\/prodotti\/tavolo-giorgetti-gordon\/\",\"name\":\"Tavolo Giorgetti modello Gordon - Arredamenti Trombetta\",\"isPartOf\":{\"@id\":\"https:\/\/arredamentitrombetta.it\/#website\"},\"datePublished\":\"2021-05-06T10:24:00+00:00\",\"dateModified\":\"2021-05-06T20:37:07+00:00\",\"breadcrumb\":{\"@id\":\"https:\/\/arredamentitrombetta.it\/prodotti\/tavolo-giorgetti-gordon\/#breadcrumb\"},\"inLanguage\":\"en-US\",\"potentialAction\":[{\"@type\":\"ReadAction\",\"target\":[\"https:\/\/arredamentitrombetta.it\/prodotti\/tavolo-giorgetti-gordon\/\"]}]},{\"@type\":\"BreadcrumbList\",\"@id\":\"https:\/\/arredamentitrombetta.it\/prodotti\/tavolo-giorgetti-gordon\/#breadcrumb\",\"itemListElement\":[{\"@type\":\"ListItem\",\"position\":1,\"name\":\"Home\",\"item\":\"https:\/\/arredamentitrombetta.it\/en\/\"},{\"@type\":\"ListItem\",\"position\":2,\"name\":\"Shop\",\"item\":\"https:\/\/arredamentitrombetta.it\/en\/shop-2\/\"},{\"@type\":\"ListItem\",\"position\":3,\"name\":\"Tavolo Giorgetti modello Gordon\"}]},{\"@type\":\"WebSite\",\"@id\":\"https:\/\/arredamentitrombetta.it\/#website\",\"url\":\"https:\/\/arredamentitrombetta.it\/\",\"name\":\"Arredamenti Trombetta\",\"description\":\"Showroom di Arredamenti a Grumo Nevano\",\"publisher\":{\"@id\":\"https:\/\/arredamentitrombetta.it\/#organization\"},\"potentialAction\":[{\"@type\":\"SearchAction\",\"target\":{\"@type\":\"EntryPoint\",\"urlTemplate\":\"https:\/\/arredamentitrombetta.it\/?s={search_term_string}\"},\"query-input\":\"required name=search_term_string\"}],\"inLanguage\":\"en-US\"},{\"@type\":\"Organization\",\"@id\":\"https:\/\/arredamentitrombetta.it\/#organization\",\"name\":\"Arredamenti Trombetta\",\"url\":\"https:\/\/arredamentitrombetta.it\/\",\"logo\":{\"@type\":\"ImageObject\",\"inLanguage\":\"en-US\",\"@id\":\"https:\/\/arredamentitrombetta.it\/#\/schema\/logo\/image\/\",\"url\":\"https:\/\/arredamentitrombetta.it\/wp-content\/uploads\/2021\/03\/logo-svg.svg\",\"contentUrl\":\"https:\/\/arredamentitrombetta.it\/wp-content\/uploads\/2021\/03\/logo-svg.svg\",\"width\":1469,\"height\":202,\"caption\":\"Arredamenti Trombetta\"},\"image\":{\"@id\":\"https:\/\/arredamentitrombetta.it\/#\/schema\/logo\/image\/\"}}]}<\/script>\n<!-- \/ Yoast SEO plugin. -->","yoast_head_json":{"title":"Tavolo Giorgetti modello Gordon - Arredamenti Trombetta","robots":{"index":"index","follow":"follow","max-snippet":"max-snippet:-1","max-image-preview":"max-image-preview:large","max-video-preview":"max-video-preview:-1"},"canonical":"https:\/\/arredamentitrombetta.it\/prodotti\/tavolo-giorgetti-gordon\/","og_locale":"en_US","og_type":"article","og_title":"Tavolo Giorgetti modello Gordon - Arredamenti Trombetta","og_description":"Il tavolo \u00e8 disponibile con piano rotondo o rettangolare, la cui rigidit\u00e0 geometrica \u00e8 ingentilita da una smussatura degli angoli. La versione rotonda da 250 centimetri prevede un piano girevole con inserto in cristallo glac\u00e9.","og_url":"https:\/\/arredamentitrombetta.it\/prodotti\/tavolo-giorgetti-gordon\/","og_site_name":"Arredamenti Trombetta","article_modified_time":"2021-05-06T20:37:07+00:00","og_image":[{"width":1000,"height":1000,"url":"https:\/\/arredamentitrombetta.it\/wp-content\/uploads\/tavolo-gordon.jpg","type":"image\/jpeg"}],"twitter_card":"summary_large_image","twitter_misc":{"Est. reading time":"1 minute"},"schema":{"@context":"https:\/\/schema.org","@graph":[{"@type":"WebPage","@id":"https:\/\/arredamentitrombetta.it\/prodotti\/tavolo-giorgetti-gordon\/","url":"https:\/\/arredamentitrombetta.it\/prodotti\/tavolo-giorgetti-gordon\/","name":"Tavolo Giorgetti modello Gordon - Arredamenti Trombetta","isPartOf":{"@id":"https:\/\/arredamentitrombetta.it\/#website"},"datePublished":"2021-05-06T10:24:00+00:00","dateModified":"2021-05-06T20:37:07+00:00","breadcrumb":{"@id":"https:\/\/arredamentitrombetta.it\/prodotti\/tavolo-giorgetti-gordon\/#breadcrumb"},"inLanguage":"en-US","potentialAction":[{"@type":"ReadAction","target":["https:\/\/arredamentitrombetta.it\/prodotti\/tavolo-giorgetti-gordon\/"]}]},{"@type":"BreadcrumbList","@id":"https:\/\/arredamentitrombetta.it\/prodotti\/tavolo-giorgetti-gordon\/#breadcrumb","itemListElement":[{"@type":"ListItem","position":1,"name":"Home","item":"https:\/\/arredamentitrombetta.it\/en\/"},{"@type":"ListItem","position":2,"name":"Shop","item":"https:\/\/arredamentitrombetta.it\/en\/shop-2\/"},{"@type":"ListItem","position":3,"name":"Tavolo Giorgetti modello Gordon"}]},{"@type":"WebSite","@id":"https:\/\/arredamentitrombetta.it\/#website","url":"https:\/\/arredamentitrombetta.it\/","name":"Arredamenti Trombetta","description":"Showroom di Arredamenti a Grumo Nevano","publisher":{"@id":"https:\/\/arredamentitrombetta.it\/#organization"},"potentialAction":[{"@type":"SearchAction","target":{"@type":"EntryPoint","urlTemplate":"https:\/\/arredamentitrombetta.it\/?s={search_term_string}"},"query-input":"required name=search_term_string"}],"inLanguage":"en-US"},{"@type":"Organization","@id":"https:\/\/arredamentitrombetta.it\/#organization","name":"Arredamenti Trombetta","url":"https:\/\/arredamentitrombetta.it\/","logo":{"@type":"ImageObject","inLanguage":"en-US","@id":"https:\/\/arredamentitrombetta.it\/#\/schema\/logo\/image\/","url":"https:\/\/arredamentitrombetta.it\/wp-content\/uploads\/2021\/03\/logo-svg.svg","contentUrl":"https:\/\/arredamentitrombetta.it\/wp-content\/uploads\/2021\/03\/logo-svg.svg","width":1469,"height":202,"caption":"Arredamenti Trombetta"},"image":{"@id":"https:\/\/arredamentitrombetta.it\/#\/schema\/logo\/image\/"}}]}},"_links":{"self":[{"href":"https:\/\/arredamentitrombetta.it\/en\/wp-json\/wp\/v2\/product\/529","targetHints":{"allow":["GET"]}}],"collection":[{"href":"https:\/\/arredamentitrombetta.it\/en\/wp-json\/wp\/v2\/product"}],"about":[{"href":"https:\/\/arredamentitrombetta.it\/en\/wp-json\/wp\/v2\/types\/product"}],"replies":[{"embeddable":true,"href":"https:\/\/arredamentitrombetta.it\/en\/wp-json\/wp\/v2\/comments?post=529"}],"wp:featuredmedia":[{"embeddable":true,"href":"https:\/\/arredamentitrombetta.it\/en\/wp-json\/wp\/v2\/media\/599"}],"wp:attachment":[{"href":"https:\/\/arredamentitrombetta.it\/en\/wp-json\/wp\/v2\/media?parent=529"}],"wp:term":[{"taxonomy":"product_cat","embeddable":true,"href":"https:\/\/arredamentitrombetta.it\/en\/wp-json\/wp\/v2\/product_cat?post=529"},{"taxonomy":"product_tag","embeddable":true,"href":"https:\/\/arredamentitrombetta.it\/en\/wp-json\/wp\/v2\/product_tag?post=529"}],"curies":[{"name":"wp","href":"https:\/\/api.w.org\/{rel}","templated":true}]}}