{"id":796,"date":"2021-05-10T08:36:53","date_gmt":"2021-05-10T08:36:53","guid":{"rendered":"https:\/\/arredamentitrombetta.it\/?post_type=product&#038;p=796"},"modified":"2025-06-12T10:31:42","modified_gmt":"2025-06-12T10:31:42","slug":"divano-baxter-modello-budapest-soft","status":"publish","type":"product","link":"https:\/\/arredamentitrombetta.it\/en\/prodotti\/divano-baxter-modello-budapest-soft\/","title":{"rendered":"Divano Baxter modello Budapest Soft"},"content":{"rendered":"<h1>\u00a0Divani Budapest Soft<\/h1>\n<h2>Designer: Paola Navone 2009<\/h2>\n<p>Struttura in legno tamburato di abete e pioppo. Piedini in metallo grezzo spazzolato o canna di fucile<br \/>\nopaco, protezione antiossidante con vernice trasparente opaca. Imbottitura in poliuretano espanso a densit\u00e0 differenziata con rivestimento in fibra acrilica. Molleggio a nastri elastici intrecciati di caucci\u00f9 rivestito.<br \/>\nCuscinatura di seduta in piuma d\u2019oca lavata e sterilizzata con inserto in poliuretano espanso a densit\u00e0 differenziata. Cuscinatura di schienale in piuma d\u2019oca lavata e sterilizzata (escluso pouf). Rivestimento con cuciture a filo vivo.<\/p>\n<h3>Scarica Scheda Tecnica<\/h3>\n<p><a href=\"https:\/\/arredamentitrombetta.it\/wp-content\/uploads\/BudapestSoft.pdf\">Download Scheda Tecnica BudapestSoft\u00a0<\/a><\/p>\n<p>&nbsp;<\/p>\n<p>&nbsp;<\/p>\n<p>&nbsp;<\/p>\n","protected":false},"excerpt":{"rendered":"<p>Baxter seleziona la pelle migliore, scelta come base indispensabile per l\u2019eccellenza del prodotto finito ed offre un servizio post-vendita all\u2019altezza dei migliori standard qualitativi. Tutti i componenti seguono un disegno regolare, dal bracciolo alle cuciture fino alla solida struttura che si caratterizza per il grande telaio in legno tamburato di abete e pioppo. Ma il Budapest ha anche altri punta di forza, oltre infatti all&#8217;utilizzo di materiali molto pregiati, \u00e8 anche un divano estremamente confortevole. Anche i dettagli sono molto curati e nulla \u00e8 lasciato al caso Il Divano Budapest di Baxter, \u00e8 caratterizzato dalla sua semplicit\u00e0 ed eleganza. Budapest \u00e8 anche un divano modulare, pertanto pu\u00f2 anche essere composto con diversi elementi, cos\u00ec da raggiungere le dimensioni desiderate. Nel caso di composizioni personalizzate, il nostro team sar\u00e0 a vostra disposizione per realizzare i disegni tecnici della composizione richiesta, ed aiutarvi nella scelta e nella disposizione del vostro splendido divano Budapest.<\/p>\n","protected":false},"featured_media":894,"comment_status":"open","ping_status":"closed","template":"","meta":{"_mi_skip_tracking":false,"_monsterinsights_sitenote_active":false,"_monsterinsights_sitenote_note":"","_monsterinsights_sitenote_category":0},"product_cat":[32],"product_tag":[],"class_list":["post-796","product","type-product","status-publish","has-post-thumbnail","hentry","product_cat-divani"],"yoast_head":"<!-- This site is optimized with the Yoast SEO plugin v20.10 - https:\/\/yoast.com\/wordpress\/plugins\/seo\/ -->\n<title>Divano Baxter modello Budapest Soft - Arredamenti Trombetta<\/title>\n<meta name=\"robots\" content=\"index, follow, max-snippet:-1, max-image-preview:large, max-video-preview:-1\" \/>\n<link rel=\"canonical\" href=\"https:\/\/arredamentitrombetta.it\/prodotti\/divano-baxter-modello-budapest-soft\/\" \/>\n<meta property=\"og:locale\" content=\"en_US\" \/>\n<meta property=\"og:type\" content=\"article\" \/>\n<meta property=\"og:title\" content=\"Divano Baxter modello Budapest Soft - Arredamenti Trombetta\" \/>\n<meta property=\"og:description\" content=\"Baxter seleziona la pelle migliore, scelta come base indispensabile per l\u2019eccellenza del prodotto finito ed offre un servizio post-vendita all\u2019altezza dei migliori standard qualitativi. Tutti i componenti seguono un disegno regolare, dal bracciolo alle cuciture fino alla solida struttura che si caratterizza per il grande telaio in legno tamburato di abete e pioppo. Ma il Budapest ha anche altri punta di forza, oltre infatti all&#039;utilizzo di materiali molto pregiati, \u00e8 anche un divano estremamente confortevole. Anche i dettagli sono molto curati e nulla \u00e8 lasciato al caso Il Divano Budapest di Baxter, \u00e8 caratterizzato dalla sua semplicit\u00e0 ed eleganza. Budapest \u00e8 anche un divano modulare, pertanto pu\u00f2 anche essere composto con diversi elementi, cos\u00ec da raggiungere le dimensioni desiderate. Nel caso di composizioni personalizzate, il nostro team sar\u00e0 a vostra disposizione per realizzare i disegni tecnici della composizione richiesta, ed aiutarvi nella scelta e nella disposizione del vostro splendido divano Budapest.\" \/>\n<meta property=\"og:url\" content=\"https:\/\/arredamentitrombetta.it\/prodotti\/divano-baxter-modello-budapest-soft\/\" \/>\n<meta property=\"og:site_name\" content=\"Arredamenti Trombetta\" \/>\n<meta property=\"article:modified_time\" content=\"2025-06-12T10:31:42+00:00\" \/>\n<meta property=\"og:image\" content=\"https:\/\/arredamentitrombetta.it\/wp-content\/uploads\/divano-budapest-soft.jpg\" \/>\n\t<meta property=\"og:image:width\" content=\"1000\" \/>\n\t<meta property=\"og:image:height\" content=\"1000\" \/>\n\t<meta property=\"og:image:type\" content=\"image\/jpeg\" \/>\n<meta name=\"twitter:card\" content=\"summary_large_image\" \/>\n<meta name=\"twitter:label1\" content=\"Est. reading time\" \/>\n\t<meta name=\"twitter:data1\" content=\"1 minute\" \/>\n<script type=\"application\/ld+json\" class=\"yoast-schema-graph\">{\"@context\":\"https:\/\/schema.org\",\"@graph\":[{\"@type\":\"WebPage\",\"@id\":\"https:\/\/arredamentitrombetta.it\/prodotti\/divano-baxter-modello-budapest-soft\/\",\"url\":\"https:\/\/arredamentitrombetta.it\/prodotti\/divano-baxter-modello-budapest-soft\/\",\"name\":\"Divano Baxter modello Budapest Soft - Arredamenti Trombetta\",\"isPartOf\":{\"@id\":\"https:\/\/arredamentitrombetta.it\/#website\"},\"datePublished\":\"2021-05-10T08:36:53+00:00\",\"dateModified\":\"2025-06-12T10:31:42+00:00\",\"breadcrumb\":{\"@id\":\"https:\/\/arredamentitrombetta.it\/prodotti\/divano-baxter-modello-budapest-soft\/#breadcrumb\"},\"inLanguage\":\"en-US\",\"potentialAction\":[{\"@type\":\"ReadAction\",\"target\":[\"https:\/\/arredamentitrombetta.it\/prodotti\/divano-baxter-modello-budapest-soft\/\"]}]},{\"@type\":\"BreadcrumbList\",\"@id\":\"https:\/\/arredamentitrombetta.it\/prodotti\/divano-baxter-modello-budapest-soft\/#breadcrumb\",\"itemListElement\":[{\"@type\":\"ListItem\",\"position\":1,\"name\":\"Home\",\"item\":\"https:\/\/arredamentitrombetta.it\/en\/\"},{\"@type\":\"ListItem\",\"position\":2,\"name\":\"Shop\",\"item\":\"https:\/\/arredamentitrombetta.it\/en\/shop-2\/\"},{\"@type\":\"ListItem\",\"position\":3,\"name\":\"Divano Baxter modello Budapest Soft\"}]},{\"@type\":\"WebSite\",\"@id\":\"https:\/\/arredamentitrombetta.it\/#website\",\"url\":\"https:\/\/arredamentitrombetta.it\/\",\"name\":\"Arredamenti Trombetta\",\"description\":\"Showroom di Arredamenti a Grumo Nevano\",\"publisher\":{\"@id\":\"https:\/\/arredamentitrombetta.it\/#organization\"},\"potentialAction\":[{\"@type\":\"SearchAction\",\"target\":{\"@type\":\"EntryPoint\",\"urlTemplate\":\"https:\/\/arredamentitrombetta.it\/?s={search_term_string}\"},\"query-input\":\"required name=search_term_string\"}],\"inLanguage\":\"en-US\"},{\"@type\":\"Organization\",\"@id\":\"https:\/\/arredamentitrombetta.it\/#organization\",\"name\":\"Arredamenti Trombetta\",\"url\":\"https:\/\/arredamentitrombetta.it\/\",\"logo\":{\"@type\":\"ImageObject\",\"inLanguage\":\"en-US\",\"@id\":\"https:\/\/arredamentitrombetta.it\/#\/schema\/logo\/image\/\",\"url\":\"https:\/\/arredamentitrombetta.it\/wp-content\/uploads\/2021\/03\/logo-svg.svg\",\"contentUrl\":\"https:\/\/arredamentitrombetta.it\/wp-content\/uploads\/2021\/03\/logo-svg.svg\",\"width\":1469,\"height\":202,\"caption\":\"Arredamenti Trombetta\"},\"image\":{\"@id\":\"https:\/\/arredamentitrombetta.it\/#\/schema\/logo\/image\/\"}}]}<\/script>\n<!-- \/ Yoast SEO plugin. -->","yoast_head_json":{"title":"Divano Baxter modello Budapest Soft - Arredamenti Trombetta","robots":{"index":"index","follow":"follow","max-snippet":"max-snippet:-1","max-image-preview":"max-image-preview:large","max-video-preview":"max-video-preview:-1"},"canonical":"https:\/\/arredamentitrombetta.it\/prodotti\/divano-baxter-modello-budapest-soft\/","og_locale":"en_US","og_type":"article","og_title":"Divano Baxter modello Budapest Soft - Arredamenti Trombetta","og_description":"Baxter seleziona la pelle migliore, scelta come base indispensabile per l\u2019eccellenza del prodotto finito ed offre un servizio post-vendita all\u2019altezza dei migliori standard qualitativi. Tutti i componenti seguono un disegno regolare, dal bracciolo alle cuciture fino alla solida struttura che si caratterizza per il grande telaio in legno tamburato di abete e pioppo. Ma il Budapest ha anche altri punta di forza, oltre infatti all'utilizzo di materiali molto pregiati, \u00e8 anche un divano estremamente confortevole. Anche i dettagli sono molto curati e nulla \u00e8 lasciato al caso Il Divano Budapest di Baxter, \u00e8 caratterizzato dalla sua semplicit\u00e0 ed eleganza. Budapest \u00e8 anche un divano modulare, pertanto pu\u00f2 anche essere composto con diversi elementi, cos\u00ec da raggiungere le dimensioni desiderate. Nel caso di composizioni personalizzate, il nostro team sar\u00e0 a vostra disposizione per realizzare i disegni tecnici della composizione richiesta, ed aiutarvi nella scelta e nella disposizione del vostro splendido divano Budapest.","og_url":"https:\/\/arredamentitrombetta.it\/prodotti\/divano-baxter-modello-budapest-soft\/","og_site_name":"Arredamenti Trombetta","article_modified_time":"2025-06-12T10:31:42+00:00","og_image":[{"width":1000,"height":1000,"url":"https:\/\/arredamentitrombetta.it\/wp-content\/uploads\/divano-budapest-soft.jpg","type":"image\/jpeg"}],"twitter_card":"summary_large_image","twitter_misc":{"Est. reading time":"1 minute"},"schema":{"@context":"https:\/\/schema.org","@graph":[{"@type":"WebPage","@id":"https:\/\/arredamentitrombetta.it\/prodotti\/divano-baxter-modello-budapest-soft\/","url":"https:\/\/arredamentitrombetta.it\/prodotti\/divano-baxter-modello-budapest-soft\/","name":"Divano Baxter modello Budapest Soft - Arredamenti Trombetta","isPartOf":{"@id":"https:\/\/arredamentitrombetta.it\/#website"},"datePublished":"2021-05-10T08:36:53+00:00","dateModified":"2025-06-12T10:31:42+00:00","breadcrumb":{"@id":"https:\/\/arredamentitrombetta.it\/prodotti\/divano-baxter-modello-budapest-soft\/#breadcrumb"},"inLanguage":"en-US","potentialAction":[{"@type":"ReadAction","target":["https:\/\/arredamentitrombetta.it\/prodotti\/divano-baxter-modello-budapest-soft\/"]}]},{"@type":"BreadcrumbList","@id":"https:\/\/arredamentitrombetta.it\/prodotti\/divano-baxter-modello-budapest-soft\/#breadcrumb","itemListElement":[{"@type":"ListItem","position":1,"name":"Home","item":"https:\/\/arredamentitrombetta.it\/en\/"},{"@type":"ListItem","position":2,"name":"Shop","item":"https:\/\/arredamentitrombetta.it\/en\/shop-2\/"},{"@type":"ListItem","position":3,"name":"Divano Baxter modello Budapest Soft"}]},{"@type":"WebSite","@id":"https:\/\/arredamentitrombetta.it\/#website","url":"https:\/\/arredamentitrombetta.it\/","name":"Arredamenti Trombetta","description":"Showroom di Arredamenti a Grumo Nevano","publisher":{"@id":"https:\/\/arredamentitrombetta.it\/#organization"},"potentialAction":[{"@type":"SearchAction","target":{"@type":"EntryPoint","urlTemplate":"https:\/\/arredamentitrombetta.it\/?s={search_term_string}"},"query-input":"required name=search_term_string"}],"inLanguage":"en-US"},{"@type":"Organization","@id":"https:\/\/arredamentitrombetta.it\/#organization","name":"Arredamenti Trombetta","url":"https:\/\/arredamentitrombetta.it\/","logo":{"@type":"ImageObject","inLanguage":"en-US","@id":"https:\/\/arredamentitrombetta.it\/#\/schema\/logo\/image\/","url":"https:\/\/arredamentitrombetta.it\/wp-content\/uploads\/2021\/03\/logo-svg.svg","contentUrl":"https:\/\/arredamentitrombetta.it\/wp-content\/uploads\/2021\/03\/logo-svg.svg","width":1469,"height":202,"caption":"Arredamenti Trombetta"},"image":{"@id":"https:\/\/arredamentitrombetta.it\/#\/schema\/logo\/image\/"}}]}},"_links":{"self":[{"href":"https:\/\/arredamentitrombetta.it\/en\/wp-json\/wp\/v2\/product\/796","targetHints":{"allow":["GET"]}}],"collection":[{"href":"https:\/\/arredamentitrombetta.it\/en\/wp-json\/wp\/v2\/product"}],"about":[{"href":"https:\/\/arredamentitrombetta.it\/en\/wp-json\/wp\/v2\/types\/product"}],"replies":[{"embeddable":true,"href":"https:\/\/arredamentitrombetta.it\/en\/wp-json\/wp\/v2\/comments?post=796"}],"wp:featuredmedia":[{"embeddable":true,"href":"https:\/\/arredamentitrombetta.it\/en\/wp-json\/wp\/v2\/media\/894"}],"wp:attachment":[{"href":"https:\/\/arredamentitrombetta.it\/en\/wp-json\/wp\/v2\/media?parent=796"}],"wp:term":[{"taxonomy":"product_cat","embeddable":true,"href":"https:\/\/arredamentitrombetta.it\/en\/wp-json\/wp\/v2\/product_cat?post=796"},{"taxonomy":"product_tag","embeddable":true,"href":"https:\/\/arredamentitrombetta.it\/en\/wp-json\/wp\/v2\/product_tag?post=796"}],"curies":[{"name":"wp","href":"https:\/\/api.w.org\/{rel}","templated":true}]}}