{"id":809,"date":"2021-05-10T09:15:32","date_gmt":"2021-05-10T09:15:32","guid":{"rendered":"https:\/\/arredamentitrombetta.it\/?post_type=product&#038;p=809"},"modified":"2025-06-12T10:28:26","modified_gmt":"2025-06-12T10:28:26","slug":"divano-baxter-modello-chester-moon","status":"publish","type":"product","link":"https:\/\/arredamentitrombetta.it\/en\/prodotti\/divano-baxter-modello-chester-moon\/","title":{"rendered":"Divano Baxter modello Chester Moon"},"content":{"rendered":"<h1>Divano Chester Moon<\/h1>\n<h2>Designer: Paola Navone 2009<\/h2>\n<p>Modello trapuntato a capitonn\u00e9. Struttura in multistrato di abete. Telaio sedile in abete. Base in faggio tinto weng\u00e9. Imbottitura in poliuretano espanso a densit\u00e0 differenziata con rivestimento in fibra acrilica. Molleggio a nastri elastici intrecciati di caucci\u00f9 rivestito. Lavorazione capitonn\u00e9 eseguita a mano.<\/p>\n<h2>Scheda Tecnica<\/h2>\n<p><a href=\"https:\/\/arredamentitrombetta.it\/wp-content\/uploads\/ChesterMoon-1.pdf\">Download Scheda Tecnica ChesterMoon\u00a0<\/a><\/p>\n<p>&nbsp;<\/p>\n<p>&nbsp;<\/p>\n<p>&nbsp;<\/p>\n","protected":false},"excerpt":{"rendered":"<p>Il divano Chester Moon nasce da una rilettura di uno schema classico. Nella sua semplicit\u00e0 di progetto riassume l\u2019importanza dell\u2019equilibrio delle forme nonostante la complessit\u00e0 della tecniche che ne caratterizzano la realizzazione. Si rif\u00e0 al passato per quanto riguarda la storia delle tecniche del tutto artigianali necessarie per il suo sviluppo, e si lega al moderno per la semplicit\u00e0 e la pulizia delle linee.<\/p>\n","protected":false},"featured_media":907,"comment_status":"open","ping_status":"closed","template":"","meta":{"_mi_skip_tracking":false,"_monsterinsights_sitenote_active":false,"_monsterinsights_sitenote_note":"","_monsterinsights_sitenote_category":0},"product_cat":[32],"product_tag":[],"class_list":["post-809","product","type-product","status-publish","has-post-thumbnail","hentry","product_cat-divani"],"yoast_head":"<!-- This site is optimized with the Yoast SEO plugin v20.10 - https:\/\/yoast.com\/wordpress\/plugins\/seo\/ -->\n<title>Divano Baxter modello Chester Moon - Arredamenti Trombetta<\/title>\n<meta name=\"robots\" content=\"index, follow, max-snippet:-1, max-image-preview:large, max-video-preview:-1\" \/>\n<link rel=\"canonical\" href=\"https:\/\/arredamentitrombetta.it\/en\/prodotti\/divano-baxter-modello-chester-moon\/\" \/>\n<meta property=\"og:locale\" content=\"en_US\" \/>\n<meta property=\"og:type\" content=\"article\" \/>\n<meta property=\"og:title\" content=\"Divano Baxter modello Chester Moon - Arredamenti Trombetta\" \/>\n<meta property=\"og:description\" content=\"Il divano Chester Moon nasce da una rilettura di uno schema classico. Nella sua semplicit\u00e0 di progetto riassume l\u2019importanza dell\u2019equilibrio delle forme nonostante la complessit\u00e0 della tecniche che ne caratterizzano la realizzazione. Si rif\u00e0 al passato per quanto riguarda la storia delle tecniche del tutto artigianali necessarie per il suo sviluppo, e si lega al moderno per la semplicit\u00e0 e la pulizia delle linee.\" \/>\n<meta property=\"og:url\" content=\"https:\/\/arredamentitrombetta.it\/en\/prodotti\/divano-baxter-modello-chester-moon\/\" \/>\n<meta property=\"og:site_name\" content=\"Arredamenti Trombetta\" \/>\n<meta property=\"article:modified_time\" content=\"2025-06-12T10:28:26+00:00\" \/>\n<meta property=\"og:image\" content=\"https:\/\/arredamentitrombetta.it\/wp-content\/uploads\/divano-chester-moon.jpg\" \/>\n\t<meta property=\"og:image:width\" content=\"1000\" \/>\n\t<meta property=\"og:image:height\" content=\"1000\" \/>\n\t<meta property=\"og:image:type\" content=\"image\/jpeg\" \/>\n<meta name=\"twitter:card\" content=\"summary_large_image\" \/>\n<meta name=\"twitter:label1\" content=\"Est. reading time\" \/>\n\t<meta name=\"twitter:data1\" content=\"1 minute\" \/>\n<script type=\"application\/ld+json\" class=\"yoast-schema-graph\">{\"@context\":\"https:\/\/schema.org\",\"@graph\":[{\"@type\":\"WebPage\",\"@id\":\"https:\/\/arredamentitrombetta.it\/en\/prodotti\/divano-baxter-modello-chester-moon\/\",\"url\":\"https:\/\/arredamentitrombetta.it\/en\/prodotti\/divano-baxter-modello-chester-moon\/\",\"name\":\"Divano Baxter modello Chester Moon - Arredamenti Trombetta\",\"isPartOf\":{\"@id\":\"https:\/\/arredamentitrombetta.it\/#website\"},\"datePublished\":\"2021-05-10T09:15:32+00:00\",\"dateModified\":\"2025-06-12T10:28:26+00:00\",\"breadcrumb\":{\"@id\":\"https:\/\/arredamentitrombetta.it\/en\/prodotti\/divano-baxter-modello-chester-moon\/#breadcrumb\"},\"inLanguage\":\"en-US\",\"potentialAction\":[{\"@type\":\"ReadAction\",\"target\":[\"https:\/\/arredamentitrombetta.it\/en\/prodotti\/divano-baxter-modello-chester-moon\/\"]}]},{\"@type\":\"BreadcrumbList\",\"@id\":\"https:\/\/arredamentitrombetta.it\/en\/prodotti\/divano-baxter-modello-chester-moon\/#breadcrumb\",\"itemListElement\":[{\"@type\":\"ListItem\",\"position\":1,\"name\":\"Home\",\"item\":\"https:\/\/arredamentitrombetta.it\/en\/\"},{\"@type\":\"ListItem\",\"position\":2,\"name\":\"Shop\",\"item\":\"https:\/\/arredamentitrombetta.it\/en\/shop-2\/\"},{\"@type\":\"ListItem\",\"position\":3,\"name\":\"Divano Baxter modello Chester Moon\"}]},{\"@type\":\"WebSite\",\"@id\":\"https:\/\/arredamentitrombetta.it\/#website\",\"url\":\"https:\/\/arredamentitrombetta.it\/\",\"name\":\"Arredamenti Trombetta\",\"description\":\"Showroom di Arredamenti a Grumo Nevano\",\"publisher\":{\"@id\":\"https:\/\/arredamentitrombetta.it\/#organization\"},\"potentialAction\":[{\"@type\":\"SearchAction\",\"target\":{\"@type\":\"EntryPoint\",\"urlTemplate\":\"https:\/\/arredamentitrombetta.it\/?s={search_term_string}\"},\"query-input\":\"required name=search_term_string\"}],\"inLanguage\":\"en-US\"},{\"@type\":\"Organization\",\"@id\":\"https:\/\/arredamentitrombetta.it\/#organization\",\"name\":\"Arredamenti Trombetta\",\"url\":\"https:\/\/arredamentitrombetta.it\/\",\"logo\":{\"@type\":\"ImageObject\",\"inLanguage\":\"en-US\",\"@id\":\"https:\/\/arredamentitrombetta.it\/#\/schema\/logo\/image\/\",\"url\":\"https:\/\/arredamentitrombetta.it\/wp-content\/uploads\/2021\/03\/logo-svg.svg\",\"contentUrl\":\"https:\/\/arredamentitrombetta.it\/wp-content\/uploads\/2021\/03\/logo-svg.svg\",\"width\":1469,\"height\":202,\"caption\":\"Arredamenti Trombetta\"},\"image\":{\"@id\":\"https:\/\/arredamentitrombetta.it\/#\/schema\/logo\/image\/\"}}]}<\/script>\n<!-- \/ Yoast SEO plugin. -->","yoast_head_json":{"title":"Divano Baxter modello Chester Moon - Arredamenti Trombetta","robots":{"index":"index","follow":"follow","max-snippet":"max-snippet:-1","max-image-preview":"max-image-preview:large","max-video-preview":"max-video-preview:-1"},"canonical":"https:\/\/arredamentitrombetta.it\/en\/prodotti\/divano-baxter-modello-chester-moon\/","og_locale":"en_US","og_type":"article","og_title":"Divano Baxter modello Chester Moon - Arredamenti Trombetta","og_description":"Il divano Chester Moon nasce da una rilettura di uno schema classico. Nella sua semplicit\u00e0 di progetto riassume l\u2019importanza dell\u2019equilibrio delle forme nonostante la complessit\u00e0 della tecniche che ne caratterizzano la realizzazione. Si rif\u00e0 al passato per quanto riguarda la storia delle tecniche del tutto artigianali necessarie per il suo sviluppo, e si lega al moderno per la semplicit\u00e0 e la pulizia delle linee.","og_url":"https:\/\/arredamentitrombetta.it\/en\/prodotti\/divano-baxter-modello-chester-moon\/","og_site_name":"Arredamenti Trombetta","article_modified_time":"2025-06-12T10:28:26+00:00","og_image":[{"width":1000,"height":1000,"url":"https:\/\/arredamentitrombetta.it\/wp-content\/uploads\/divano-chester-moon.jpg","type":"image\/jpeg"}],"twitter_card":"summary_large_image","twitter_misc":{"Est. reading time":"1 minute"},"schema":{"@context":"https:\/\/schema.org","@graph":[{"@type":"WebPage","@id":"https:\/\/arredamentitrombetta.it\/en\/prodotti\/divano-baxter-modello-chester-moon\/","url":"https:\/\/arredamentitrombetta.it\/en\/prodotti\/divano-baxter-modello-chester-moon\/","name":"Divano Baxter modello Chester Moon - Arredamenti Trombetta","isPartOf":{"@id":"https:\/\/arredamentitrombetta.it\/#website"},"datePublished":"2021-05-10T09:15:32+00:00","dateModified":"2025-06-12T10:28:26+00:00","breadcrumb":{"@id":"https:\/\/arredamentitrombetta.it\/en\/prodotti\/divano-baxter-modello-chester-moon\/#breadcrumb"},"inLanguage":"en-US","potentialAction":[{"@type":"ReadAction","target":["https:\/\/arredamentitrombetta.it\/en\/prodotti\/divano-baxter-modello-chester-moon\/"]}]},{"@type":"BreadcrumbList","@id":"https:\/\/arredamentitrombetta.it\/en\/prodotti\/divano-baxter-modello-chester-moon\/#breadcrumb","itemListElement":[{"@type":"ListItem","position":1,"name":"Home","item":"https:\/\/arredamentitrombetta.it\/en\/"},{"@type":"ListItem","position":2,"name":"Shop","item":"https:\/\/arredamentitrombetta.it\/en\/shop-2\/"},{"@type":"ListItem","position":3,"name":"Divano Baxter modello Chester Moon"}]},{"@type":"WebSite","@id":"https:\/\/arredamentitrombetta.it\/#website","url":"https:\/\/arredamentitrombetta.it\/","name":"Arredamenti Trombetta","description":"Showroom di Arredamenti a Grumo Nevano","publisher":{"@id":"https:\/\/arredamentitrombetta.it\/#organization"},"potentialAction":[{"@type":"SearchAction","target":{"@type":"EntryPoint","urlTemplate":"https:\/\/arredamentitrombetta.it\/?s={search_term_string}"},"query-input":"required name=search_term_string"}],"inLanguage":"en-US"},{"@type":"Organization","@id":"https:\/\/arredamentitrombetta.it\/#organization","name":"Arredamenti Trombetta","url":"https:\/\/arredamentitrombetta.it\/","logo":{"@type":"ImageObject","inLanguage":"en-US","@id":"https:\/\/arredamentitrombetta.it\/#\/schema\/logo\/image\/","url":"https:\/\/arredamentitrombetta.it\/wp-content\/uploads\/2021\/03\/logo-svg.svg","contentUrl":"https:\/\/arredamentitrombetta.it\/wp-content\/uploads\/2021\/03\/logo-svg.svg","width":1469,"height":202,"caption":"Arredamenti Trombetta"},"image":{"@id":"https:\/\/arredamentitrombetta.it\/#\/schema\/logo\/image\/"}}]}},"_links":{"self":[{"href":"https:\/\/arredamentitrombetta.it\/en\/wp-json\/wp\/v2\/product\/809","targetHints":{"allow":["GET"]}}],"collection":[{"href":"https:\/\/arredamentitrombetta.it\/en\/wp-json\/wp\/v2\/product"}],"about":[{"href":"https:\/\/arredamentitrombetta.it\/en\/wp-json\/wp\/v2\/types\/product"}],"replies":[{"embeddable":true,"href":"https:\/\/arredamentitrombetta.it\/en\/wp-json\/wp\/v2\/comments?post=809"}],"wp:featuredmedia":[{"embeddable":true,"href":"https:\/\/arredamentitrombetta.it\/en\/wp-json\/wp\/v2\/media\/907"}],"wp:attachment":[{"href":"https:\/\/arredamentitrombetta.it\/en\/wp-json\/wp\/v2\/media?parent=809"}],"wp:term":[{"taxonomy":"product_cat","embeddable":true,"href":"https:\/\/arredamentitrombetta.it\/en\/wp-json\/wp\/v2\/product_cat?post=809"},{"taxonomy":"product_tag","embeddable":true,"href":"https:\/\/arredamentitrombetta.it\/en\/wp-json\/wp\/v2\/product_tag?post=809"}],"curies":[{"name":"wp","href":"https:\/\/api.w.org\/{rel}","templated":true}]}}