{"id":826,"date":"2021-05-10T14:36:11","date_gmt":"2021-05-10T14:36:11","guid":{"rendered":"https:\/\/arredamentitrombetta.it\/?post_type=product&#038;p=826"},"modified":"2025-06-12T10:28:26","modified_gmt":"2025-06-12T10:28:26","slug":"divano-baxter-modello-piaf","status":"publish","type":"product","link":"https:\/\/arredamentitrombetta.it\/en\/prodotti\/divano-baxter-modello-piaf\/","title":{"rendered":"Divano Baxter modello Piaf"},"content":{"rendered":"<h1>Divano Piaf<\/h1>\n<h2>Designer: Baxter P 2019<\/h2>\n<p>La struttura in multistrato di abete cileno, la cuscinatura di seduta e schienale in poliuretano espanso a densit\u00e0 differenziata con rivestimento in fibra acrilica ed il molleggio a nastri elastici intrecci di caucci\u00f9 rivestito consentono una posizione di seduta perfetta e rilassante. In pi\u00f9 Piaf ha un design moderno e ricco di fascino che arreda ogni ambiente con stile ed eleganza creando lo spazio per fetto da condividwre con amici e famiglia e per riposare, leggere, dormire.<\/p>\n<h3>Scarica Scheda Tecnica<\/h3>\n<p><a href=\"https:\/\/arredamentitrombetta.it\/wp-content\/uploads\/Piaf.pdf\">Download Scheda tecnica Piaf<\/a><\/p>\n<p>&nbsp;<\/p>\n<p>&nbsp;<\/p>\n<p>&nbsp;<\/p>\n<p>&nbsp;<\/p>\n<p>&nbsp;<\/p>\n","protected":false},"excerpt":{"rendered":"<p>Il divano Piaf di Baxter, disegnato da Baxter P, \u00e8 un vero capolavoro di flessibilit\u00e0 e componibilit\u00e0. Le molte opzioni di seduta e le possibili configurazioni permettono di creare il divano perfetto. Non c&#8217;\u00e8 spazio che Piaf non possa riempire e non c&#8217;\u00e8 gusto che Piaf non possa soddisfare.<\/p>\n","protected":false},"featured_media":926,"comment_status":"open","ping_status":"closed","template":"","meta":{"_mi_skip_tracking":false,"_monsterinsights_sitenote_active":false,"_monsterinsights_sitenote_note":"","_monsterinsights_sitenote_category":0},"product_cat":[32],"product_tag":[],"class_list":["post-826","product","type-product","status-publish","has-post-thumbnail","hentry","product_cat-divani"],"yoast_head":"<!-- This site is optimized with the Yoast SEO plugin v20.10 - https:\/\/yoast.com\/wordpress\/plugins\/seo\/ -->\n<title>Divano Baxter modello Piaf - Arredamenti Trombetta<\/title>\n<meta name=\"robots\" content=\"index, follow, max-snippet:-1, max-image-preview:large, max-video-preview:-1\" \/>\n<link rel=\"canonical\" href=\"https:\/\/arredamentitrombetta.it\/prodotti\/divano-baxter-modello-piaf\/\" \/>\n<meta property=\"og:locale\" content=\"en_US\" \/>\n<meta property=\"og:type\" content=\"article\" \/>\n<meta property=\"og:title\" content=\"Divano Baxter modello Piaf - Arredamenti Trombetta\" \/>\n<meta property=\"og:description\" content=\"Il divano Piaf di Baxter, disegnato da Baxter P, \u00e8 un vero capolavoro di flessibilit\u00e0 e componibilit\u00e0. Le molte opzioni di seduta e le possibili configurazioni permettono di creare il divano perfetto. Non c&#039;\u00e8 spazio che Piaf non possa riempire e non c&#039;\u00e8 gusto che Piaf non possa soddisfare.\" \/>\n<meta property=\"og:url\" content=\"https:\/\/arredamentitrombetta.it\/prodotti\/divano-baxter-modello-piaf\/\" \/>\n<meta property=\"og:site_name\" content=\"Arredamenti Trombetta\" \/>\n<meta property=\"article:modified_time\" content=\"2025-06-12T10:28:26+00:00\" \/>\n<meta property=\"og:image\" content=\"https:\/\/arredamentitrombetta.it\/wp-content\/uploads\/divano-piaf.jpg\" \/>\n\t<meta property=\"og:image:width\" content=\"1000\" \/>\n\t<meta property=\"og:image:height\" content=\"1000\" \/>\n\t<meta property=\"og:image:type\" content=\"image\/jpeg\" \/>\n<meta name=\"twitter:card\" content=\"summary_large_image\" \/>\n<meta name=\"twitter:label1\" content=\"Est. reading time\" \/>\n\t<meta name=\"twitter:data1\" content=\"1 minute\" \/>\n<script type=\"application\/ld+json\" class=\"yoast-schema-graph\">{\"@context\":\"https:\/\/schema.org\",\"@graph\":[{\"@type\":\"WebPage\",\"@id\":\"https:\/\/arredamentitrombetta.it\/prodotti\/divano-baxter-modello-piaf\/\",\"url\":\"https:\/\/arredamentitrombetta.it\/prodotti\/divano-baxter-modello-piaf\/\",\"name\":\"Divano Baxter modello Piaf - Arredamenti Trombetta\",\"isPartOf\":{\"@id\":\"https:\/\/arredamentitrombetta.it\/#website\"},\"datePublished\":\"2021-05-10T14:36:11+00:00\",\"dateModified\":\"2025-06-12T10:28:26+00:00\",\"breadcrumb\":{\"@id\":\"https:\/\/arredamentitrombetta.it\/prodotti\/divano-baxter-modello-piaf\/#breadcrumb\"},\"inLanguage\":\"en-US\",\"potentialAction\":[{\"@type\":\"ReadAction\",\"target\":[\"https:\/\/arredamentitrombetta.it\/prodotti\/divano-baxter-modello-piaf\/\"]}]},{\"@type\":\"BreadcrumbList\",\"@id\":\"https:\/\/arredamentitrombetta.it\/prodotti\/divano-baxter-modello-piaf\/#breadcrumb\",\"itemListElement\":[{\"@type\":\"ListItem\",\"position\":1,\"name\":\"Home\",\"item\":\"https:\/\/arredamentitrombetta.it\/en\/\"},{\"@type\":\"ListItem\",\"position\":2,\"name\":\"Shop\",\"item\":\"https:\/\/arredamentitrombetta.it\/en\/shop-2\/\"},{\"@type\":\"ListItem\",\"position\":3,\"name\":\"Divano Baxter modello Piaf\"}]},{\"@type\":\"WebSite\",\"@id\":\"https:\/\/arredamentitrombetta.it\/#website\",\"url\":\"https:\/\/arredamentitrombetta.it\/\",\"name\":\"Arredamenti Trombetta\",\"description\":\"Showroom di Arredamenti a Grumo Nevano\",\"publisher\":{\"@id\":\"https:\/\/arredamentitrombetta.it\/#organization\"},\"potentialAction\":[{\"@type\":\"SearchAction\",\"target\":{\"@type\":\"EntryPoint\",\"urlTemplate\":\"https:\/\/arredamentitrombetta.it\/?s={search_term_string}\"},\"query-input\":\"required name=search_term_string\"}],\"inLanguage\":\"en-US\"},{\"@type\":\"Organization\",\"@id\":\"https:\/\/arredamentitrombetta.it\/#organization\",\"name\":\"Arredamenti Trombetta\",\"url\":\"https:\/\/arredamentitrombetta.it\/\",\"logo\":{\"@type\":\"ImageObject\",\"inLanguage\":\"en-US\",\"@id\":\"https:\/\/arredamentitrombetta.it\/#\/schema\/logo\/image\/\",\"url\":\"https:\/\/arredamentitrombetta.it\/wp-content\/uploads\/2021\/03\/logo-svg.svg\",\"contentUrl\":\"https:\/\/arredamentitrombetta.it\/wp-content\/uploads\/2021\/03\/logo-svg.svg\",\"width\":1469,\"height\":202,\"caption\":\"Arredamenti Trombetta\"},\"image\":{\"@id\":\"https:\/\/arredamentitrombetta.it\/#\/schema\/logo\/image\/\"}}]}<\/script>\n<!-- \/ Yoast SEO plugin. -->","yoast_head_json":{"title":"Divano Baxter modello Piaf - Arredamenti Trombetta","robots":{"index":"index","follow":"follow","max-snippet":"max-snippet:-1","max-image-preview":"max-image-preview:large","max-video-preview":"max-video-preview:-1"},"canonical":"https:\/\/arredamentitrombetta.it\/prodotti\/divano-baxter-modello-piaf\/","og_locale":"en_US","og_type":"article","og_title":"Divano Baxter modello Piaf - Arredamenti Trombetta","og_description":"Il divano Piaf di Baxter, disegnato da Baxter P, \u00e8 un vero capolavoro di flessibilit\u00e0 e componibilit\u00e0. Le molte opzioni di seduta e le possibili configurazioni permettono di creare il divano perfetto. Non c'\u00e8 spazio che Piaf non possa riempire e non c'\u00e8 gusto che Piaf non possa soddisfare.","og_url":"https:\/\/arredamentitrombetta.it\/prodotti\/divano-baxter-modello-piaf\/","og_site_name":"Arredamenti Trombetta","article_modified_time":"2025-06-12T10:28:26+00:00","og_image":[{"width":1000,"height":1000,"url":"https:\/\/arredamentitrombetta.it\/wp-content\/uploads\/divano-piaf.jpg","type":"image\/jpeg"}],"twitter_card":"summary_large_image","twitter_misc":{"Est. reading time":"1 minute"},"schema":{"@context":"https:\/\/schema.org","@graph":[{"@type":"WebPage","@id":"https:\/\/arredamentitrombetta.it\/prodotti\/divano-baxter-modello-piaf\/","url":"https:\/\/arredamentitrombetta.it\/prodotti\/divano-baxter-modello-piaf\/","name":"Divano Baxter modello Piaf - Arredamenti Trombetta","isPartOf":{"@id":"https:\/\/arredamentitrombetta.it\/#website"},"datePublished":"2021-05-10T14:36:11+00:00","dateModified":"2025-06-12T10:28:26+00:00","breadcrumb":{"@id":"https:\/\/arredamentitrombetta.it\/prodotti\/divano-baxter-modello-piaf\/#breadcrumb"},"inLanguage":"en-US","potentialAction":[{"@type":"ReadAction","target":["https:\/\/arredamentitrombetta.it\/prodotti\/divano-baxter-modello-piaf\/"]}]},{"@type":"BreadcrumbList","@id":"https:\/\/arredamentitrombetta.it\/prodotti\/divano-baxter-modello-piaf\/#breadcrumb","itemListElement":[{"@type":"ListItem","position":1,"name":"Home","item":"https:\/\/arredamentitrombetta.it\/en\/"},{"@type":"ListItem","position":2,"name":"Shop","item":"https:\/\/arredamentitrombetta.it\/en\/shop-2\/"},{"@type":"ListItem","position":3,"name":"Divano Baxter modello Piaf"}]},{"@type":"WebSite","@id":"https:\/\/arredamentitrombetta.it\/#website","url":"https:\/\/arredamentitrombetta.it\/","name":"Arredamenti Trombetta","description":"Showroom di Arredamenti a Grumo Nevano","publisher":{"@id":"https:\/\/arredamentitrombetta.it\/#organization"},"potentialAction":[{"@type":"SearchAction","target":{"@type":"EntryPoint","urlTemplate":"https:\/\/arredamentitrombetta.it\/?s={search_term_string}"},"query-input":"required name=search_term_string"}],"inLanguage":"en-US"},{"@type":"Organization","@id":"https:\/\/arredamentitrombetta.it\/#organization","name":"Arredamenti Trombetta","url":"https:\/\/arredamentitrombetta.it\/","logo":{"@type":"ImageObject","inLanguage":"en-US","@id":"https:\/\/arredamentitrombetta.it\/#\/schema\/logo\/image\/","url":"https:\/\/arredamentitrombetta.it\/wp-content\/uploads\/2021\/03\/logo-svg.svg","contentUrl":"https:\/\/arredamentitrombetta.it\/wp-content\/uploads\/2021\/03\/logo-svg.svg","width":1469,"height":202,"caption":"Arredamenti Trombetta"},"image":{"@id":"https:\/\/arredamentitrombetta.it\/#\/schema\/logo\/image\/"}}]}},"_links":{"self":[{"href":"https:\/\/arredamentitrombetta.it\/en\/wp-json\/wp\/v2\/product\/826","targetHints":{"allow":["GET"]}}],"collection":[{"href":"https:\/\/arredamentitrombetta.it\/en\/wp-json\/wp\/v2\/product"}],"about":[{"href":"https:\/\/arredamentitrombetta.it\/en\/wp-json\/wp\/v2\/types\/product"}],"replies":[{"embeddable":true,"href":"https:\/\/arredamentitrombetta.it\/en\/wp-json\/wp\/v2\/comments?post=826"}],"wp:featuredmedia":[{"embeddable":true,"href":"https:\/\/arredamentitrombetta.it\/en\/wp-json\/wp\/v2\/media\/926"}],"wp:attachment":[{"href":"https:\/\/arredamentitrombetta.it\/en\/wp-json\/wp\/v2\/media?parent=826"}],"wp:term":[{"taxonomy":"product_cat","embeddable":true,"href":"https:\/\/arredamentitrombetta.it\/en\/wp-json\/wp\/v2\/product_cat?post=826"},{"taxonomy":"product_tag","embeddable":true,"href":"https:\/\/arredamentitrombetta.it\/en\/wp-json\/wp\/v2\/product_tag?post=826"}],"curies":[{"name":"wp","href":"https:\/\/api.w.org\/{rel}","templated":true}]}}