{"id":857,"date":"2021-05-10T16:46:03","date_gmt":"2021-05-10T16:46:03","guid":{"rendered":"https:\/\/arredamentitrombetta.it\/?post_type=product&#038;p=857"},"modified":"2021-12-07T10:34:58","modified_gmt":"2021-12-07T10:34:58","slug":"tavolo-baxter-modello-place","status":"publish","type":"product","link":"https:\/\/arredamentitrombetta.it\/en\/prodotti\/tavolo-baxter-modello-place\/","title":{"rendered":"Tavolo Baxter modello Plac\u00e8"},"content":{"rendered":"<h1>Tavolo Plac\u00e8<\/h1>\n<h2>Designer: Federico Peri 2018<\/h2>\n<p>Base in ottone con ossidazione di bronzatura sulla parte piatta e satinatura sullo spessore, con finitura a cera (255 x 120, 320 x 120) o base in metallo verniciato con effetto brunitoe dettagli in ottone satinato (tavolini, tavoli tondi). Piastra di collegamento delle gambe in metallo nero opaco. Top realizzato con piano in MDF rinforzato da fogli di alluminio<br \/>\nrivestito in pelle o, a scelta, con sottopiano di rinforzo in alveolare di alluminio e piano in pietra con olio protettivo idrorepellente. Inserti decorativi in ottone satinato con finitura a cera.<\/p>\n<h3>Scarica Scheda Tecnica<\/h3>\n<p><a href=\"https:\/\/arredamentitrombetta.it\/wp-content\/uploads\/Place.pdf\">Download Scheda Tecnica Place<\/a><\/p>\n<p>&nbsp;<\/p>\n","protected":false},"excerpt":{"rendered":"<p>Plac\u00e9 \u00e8 un\u2019elegante collezione di tavoli disegnata da Federico Peri per il brand italiano Baxter. Plac\u00e9 \u00e8 stato presentato in occasione dell\u2019ultimo Salone del Mobile di Milano. Cinque tonalit\u00e0 di pelli per personalizzare con stile un inimitabile dining table, protagonista assoluto del vostro living. Il designer ha unito alla perfezione materiali diversi, pelle e ottone, per creare un elemento di arredo duraturo nel tempo.<\/p>\n","protected":false},"featured_media":974,"comment_status":"open","ping_status":"closed","template":"","meta":{"_mi_skip_tracking":false,"_monsterinsights_sitenote_active":false,"_monsterinsights_sitenote_note":"","_monsterinsights_sitenote_category":0},"product_cat":[83],"product_tag":[],"class_list":["post-857","product","type-product","status-publish","has-post-thumbnail","hentry","product_cat-tavoli"],"yoast_head":"<!-- This site is optimized with the Yoast SEO plugin v20.10 - https:\/\/yoast.com\/wordpress\/plugins\/seo\/ -->\n<title>Tavolo Baxter modello Plac\u00e8 - Arredamenti Trombetta<\/title>\n<meta name=\"robots\" content=\"index, follow, max-snippet:-1, max-image-preview:large, max-video-preview:-1\" \/>\n<link rel=\"canonical\" href=\"https:\/\/arredamentitrombetta.it\/prodotti\/tavolo-baxter-modello-place\/\" \/>\n<meta property=\"og:locale\" content=\"en_US\" \/>\n<meta property=\"og:type\" content=\"article\" \/>\n<meta property=\"og:title\" content=\"Tavolo Baxter modello Plac\u00e8 - Arredamenti Trombetta\" \/>\n<meta property=\"og:description\" content=\"Plac\u00e9 \u00e8 un\u2019elegante collezione di tavoli disegnata da Federico Peri per il brand italiano Baxter. Plac\u00e9 \u00e8 stato presentato in occasione dell\u2019ultimo Salone del Mobile di Milano. Cinque tonalit\u00e0 di pelli per personalizzare con stile un inimitabile dining table, protagonista assoluto del vostro living. Il designer ha unito alla perfezione materiali diversi, pelle e ottone, per creare un elemento di arredo duraturo nel tempo.\" \/>\n<meta property=\"og:url\" content=\"https:\/\/arredamentitrombetta.it\/prodotti\/tavolo-baxter-modello-place\/\" \/>\n<meta property=\"og:site_name\" content=\"Arredamenti Trombetta\" \/>\n<meta property=\"article:modified_time\" content=\"2021-12-07T10:34:58+00:00\" \/>\n<meta property=\"og:image\" content=\"https:\/\/arredamentitrombetta.it\/wp-content\/uploads\/tavolo-place.jpg\" \/>\n\t<meta property=\"og:image:width\" content=\"1000\" \/>\n\t<meta property=\"og:image:height\" content=\"1000\" \/>\n\t<meta property=\"og:image:type\" content=\"image\/jpeg\" \/>\n<meta name=\"twitter:card\" content=\"summary_large_image\" \/>\n<meta name=\"twitter:label1\" content=\"Est. reading time\" \/>\n\t<meta name=\"twitter:data1\" content=\"1 minute\" \/>\n<script type=\"application\/ld+json\" class=\"yoast-schema-graph\">{\"@context\":\"https:\/\/schema.org\",\"@graph\":[{\"@type\":\"WebPage\",\"@id\":\"https:\/\/arredamentitrombetta.it\/prodotti\/tavolo-baxter-modello-place\/\",\"url\":\"https:\/\/arredamentitrombetta.it\/prodotti\/tavolo-baxter-modello-place\/\",\"name\":\"Tavolo Baxter modello Plac\u00e8 - Arredamenti Trombetta\",\"isPartOf\":{\"@id\":\"https:\/\/arredamentitrombetta.it\/#website\"},\"datePublished\":\"2021-05-10T16:46:03+00:00\",\"dateModified\":\"2021-12-07T10:34:58+00:00\",\"breadcrumb\":{\"@id\":\"https:\/\/arredamentitrombetta.it\/prodotti\/tavolo-baxter-modello-place\/#breadcrumb\"},\"inLanguage\":\"en-US\",\"potentialAction\":[{\"@type\":\"ReadAction\",\"target\":[\"https:\/\/arredamentitrombetta.it\/prodotti\/tavolo-baxter-modello-place\/\"]}]},{\"@type\":\"BreadcrumbList\",\"@id\":\"https:\/\/arredamentitrombetta.it\/prodotti\/tavolo-baxter-modello-place\/#breadcrumb\",\"itemListElement\":[{\"@type\":\"ListItem\",\"position\":1,\"name\":\"Home\",\"item\":\"https:\/\/arredamentitrombetta.it\/en\/\"},{\"@type\":\"ListItem\",\"position\":2,\"name\":\"Shop\",\"item\":\"https:\/\/arredamentitrombetta.it\/en\/shop-2\/\"},{\"@type\":\"ListItem\",\"position\":3,\"name\":\"Tavolo Baxter modello Plac\u00e8\"}]},{\"@type\":\"WebSite\",\"@id\":\"https:\/\/arredamentitrombetta.it\/#website\",\"url\":\"https:\/\/arredamentitrombetta.it\/\",\"name\":\"Arredamenti Trombetta\",\"description\":\"Showroom di Arredamenti a Grumo Nevano\",\"publisher\":{\"@id\":\"https:\/\/arredamentitrombetta.it\/#organization\"},\"potentialAction\":[{\"@type\":\"SearchAction\",\"target\":{\"@type\":\"EntryPoint\",\"urlTemplate\":\"https:\/\/arredamentitrombetta.it\/?s={search_term_string}\"},\"query-input\":\"required name=search_term_string\"}],\"inLanguage\":\"en-US\"},{\"@type\":\"Organization\",\"@id\":\"https:\/\/arredamentitrombetta.it\/#organization\",\"name\":\"Arredamenti Trombetta\",\"url\":\"https:\/\/arredamentitrombetta.it\/\",\"logo\":{\"@type\":\"ImageObject\",\"inLanguage\":\"en-US\",\"@id\":\"https:\/\/arredamentitrombetta.it\/#\/schema\/logo\/image\/\",\"url\":\"https:\/\/arredamentitrombetta.it\/wp-content\/uploads\/2021\/03\/logo-svg.svg\",\"contentUrl\":\"https:\/\/arredamentitrombetta.it\/wp-content\/uploads\/2021\/03\/logo-svg.svg\",\"width\":1469,\"height\":202,\"caption\":\"Arredamenti Trombetta\"},\"image\":{\"@id\":\"https:\/\/arredamentitrombetta.it\/#\/schema\/logo\/image\/\"}}]}<\/script>\n<!-- \/ Yoast SEO plugin. -->","yoast_head_json":{"title":"Tavolo Baxter modello Plac\u00e8 - Arredamenti Trombetta","robots":{"index":"index","follow":"follow","max-snippet":"max-snippet:-1","max-image-preview":"max-image-preview:large","max-video-preview":"max-video-preview:-1"},"canonical":"https:\/\/arredamentitrombetta.it\/prodotti\/tavolo-baxter-modello-place\/","og_locale":"en_US","og_type":"article","og_title":"Tavolo Baxter modello Plac\u00e8 - Arredamenti Trombetta","og_description":"Plac\u00e9 \u00e8 un\u2019elegante collezione di tavoli disegnata da Federico Peri per il brand italiano Baxter. Plac\u00e9 \u00e8 stato presentato in occasione dell\u2019ultimo Salone del Mobile di Milano. Cinque tonalit\u00e0 di pelli per personalizzare con stile un inimitabile dining table, protagonista assoluto del vostro living. Il designer ha unito alla perfezione materiali diversi, pelle e ottone, per creare un elemento di arredo duraturo nel tempo.","og_url":"https:\/\/arredamentitrombetta.it\/prodotti\/tavolo-baxter-modello-place\/","og_site_name":"Arredamenti Trombetta","article_modified_time":"2021-12-07T10:34:58+00:00","og_image":[{"width":1000,"height":1000,"url":"https:\/\/arredamentitrombetta.it\/wp-content\/uploads\/tavolo-place.jpg","type":"image\/jpeg"}],"twitter_card":"summary_large_image","twitter_misc":{"Est. reading time":"1 minute"},"schema":{"@context":"https:\/\/schema.org","@graph":[{"@type":"WebPage","@id":"https:\/\/arredamentitrombetta.it\/prodotti\/tavolo-baxter-modello-place\/","url":"https:\/\/arredamentitrombetta.it\/prodotti\/tavolo-baxter-modello-place\/","name":"Tavolo Baxter modello Plac\u00e8 - Arredamenti Trombetta","isPartOf":{"@id":"https:\/\/arredamentitrombetta.it\/#website"},"datePublished":"2021-05-10T16:46:03+00:00","dateModified":"2021-12-07T10:34:58+00:00","breadcrumb":{"@id":"https:\/\/arredamentitrombetta.it\/prodotti\/tavolo-baxter-modello-place\/#breadcrumb"},"inLanguage":"en-US","potentialAction":[{"@type":"ReadAction","target":["https:\/\/arredamentitrombetta.it\/prodotti\/tavolo-baxter-modello-place\/"]}]},{"@type":"BreadcrumbList","@id":"https:\/\/arredamentitrombetta.it\/prodotti\/tavolo-baxter-modello-place\/#breadcrumb","itemListElement":[{"@type":"ListItem","position":1,"name":"Home","item":"https:\/\/arredamentitrombetta.it\/en\/"},{"@type":"ListItem","position":2,"name":"Shop","item":"https:\/\/arredamentitrombetta.it\/en\/shop-2\/"},{"@type":"ListItem","position":3,"name":"Tavolo Baxter modello Plac\u00e8"}]},{"@type":"WebSite","@id":"https:\/\/arredamentitrombetta.it\/#website","url":"https:\/\/arredamentitrombetta.it\/","name":"Arredamenti Trombetta","description":"Showroom di Arredamenti a Grumo Nevano","publisher":{"@id":"https:\/\/arredamentitrombetta.it\/#organization"},"potentialAction":[{"@type":"SearchAction","target":{"@type":"EntryPoint","urlTemplate":"https:\/\/arredamentitrombetta.it\/?s={search_term_string}"},"query-input":"required name=search_term_string"}],"inLanguage":"en-US"},{"@type":"Organization","@id":"https:\/\/arredamentitrombetta.it\/#organization","name":"Arredamenti Trombetta","url":"https:\/\/arredamentitrombetta.it\/","logo":{"@type":"ImageObject","inLanguage":"en-US","@id":"https:\/\/arredamentitrombetta.it\/#\/schema\/logo\/image\/","url":"https:\/\/arredamentitrombetta.it\/wp-content\/uploads\/2021\/03\/logo-svg.svg","contentUrl":"https:\/\/arredamentitrombetta.it\/wp-content\/uploads\/2021\/03\/logo-svg.svg","width":1469,"height":202,"caption":"Arredamenti Trombetta"},"image":{"@id":"https:\/\/arredamentitrombetta.it\/#\/schema\/logo\/image\/"}}]}},"_links":{"self":[{"href":"https:\/\/arredamentitrombetta.it\/en\/wp-json\/wp\/v2\/product\/857","targetHints":{"allow":["GET"]}}],"collection":[{"href":"https:\/\/arredamentitrombetta.it\/en\/wp-json\/wp\/v2\/product"}],"about":[{"href":"https:\/\/arredamentitrombetta.it\/en\/wp-json\/wp\/v2\/types\/product"}],"replies":[{"embeddable":true,"href":"https:\/\/arredamentitrombetta.it\/en\/wp-json\/wp\/v2\/comments?post=857"}],"wp:featuredmedia":[{"embeddable":true,"href":"https:\/\/arredamentitrombetta.it\/en\/wp-json\/wp\/v2\/media\/974"}],"wp:attachment":[{"href":"https:\/\/arredamentitrombetta.it\/en\/wp-json\/wp\/v2\/media?parent=857"}],"wp:term":[{"taxonomy":"product_cat","embeddable":true,"href":"https:\/\/arredamentitrombetta.it\/en\/wp-json\/wp\/v2\/product_cat?post=857"},{"taxonomy":"product_tag","embeddable":true,"href":"https:\/\/arredamentitrombetta.it\/en\/wp-json\/wp\/v2\/product_tag?post=857"}],"curies":[{"name":"wp","href":"https:\/\/api.w.org\/{rel}","templated":true}]}}