{"id":867,"date":"2021-05-10T16:53:24","date_gmt":"2021-05-10T16:53:24","guid":{"rendered":"https:\/\/arredamentitrombetta.it\/?post_type=product&#038;p=867"},"modified":"2021-05-14T21:10:17","modified_gmt":"2021-05-14T21:10:17","slug":"tavolo-porro-modello-materic","status":"publish","type":"product","link":"https:\/\/arredamentitrombetta.it\/en\/prodotti\/tavolo-porro-modello-materic\/","title":{"rendered":"Tavolo Porro modello Materic"},"content":{"rendered":"<h1>Tavolo Materic<\/h1>\n<h2>Designer: Piero Lissoni<\/h2>\n<p>Il piano in marmo \u00e8 disponibile in 7 raffinate varianti che vanno dalle sfumature del verde rameggiato al pi\u00f9 tradizionale marmo bianco di Carrara. Questo piano \u00e8 disponibile anche nella versione accessoriata con vassoio girevole centrale. La base \u00e8 composta da 12 tavole in massello di frassino naturale sabbiato, tinto moro e tinto nero giuntate tra loro a pettine e tornite fino ad ottenere un perfetto tronco di cono dalle venature marcate.<br \/>\nIl piano in legno \u00e8 disponibile in tutti i legni della collezione, mentre la base in metallo \u00e8 disponibile in finitura acciaio inox e ottone brunito.<\/p>\n<h3>Scheda tecnica<\/h3>\n<p><a href=\"https:\/\/arredamentitrombetta.it\/wp-content\/uploads\/20210316-25464-Materic_2021.pdf\">Download scheda tecnica Materic<\/a><\/p>\n","protected":false},"excerpt":{"rendered":"<p>Semplicit\u00e0 assoluta della forma la ricercatezza dei materiali e delle lavorazioni.<br \/>\nMateric si compone di un piano circolare e rastremato, appoggiato su una base a tronco di cono ed \u00e8 disponibile in 2 varianti: piano in marmo con base in legno, o piano in legno con base in metallo.<\/p>\n","protected":false},"featured_media":988,"comment_status":"open","ping_status":"closed","template":"","meta":{"_mi_skip_tracking":false,"_monsterinsights_sitenote_active":false,"_monsterinsights_sitenote_note":"","_monsterinsights_sitenote_category":0},"product_cat":[83],"product_tag":[],"class_list":["post-867","product","type-product","status-publish","has-post-thumbnail","hentry","product_cat-tavoli"],"yoast_head":"<!-- This site is optimized with the Yoast SEO plugin v20.10 - https:\/\/yoast.com\/wordpress\/plugins\/seo\/ -->\n<title>Tavolo Porro modello Materic - Arredamenti Trombetta<\/title>\n<meta name=\"robots\" content=\"index, follow, max-snippet:-1, max-image-preview:large, max-video-preview:-1\" \/>\n<link rel=\"canonical\" href=\"https:\/\/arredamentitrombetta.it\/prodotti\/tavolo-porro-modello-materic\/\" \/>\n<meta property=\"og:locale\" content=\"en_US\" \/>\n<meta property=\"og:type\" content=\"article\" \/>\n<meta property=\"og:title\" content=\"Tavolo Porro modello Materic - Arredamenti Trombetta\" \/>\n<meta property=\"og:description\" content=\"Semplicit\u00e0 assoluta della forma la ricercatezza dei materiali e delle lavorazioni. Materic si compone di un piano circolare e rastremato, appoggiato su una base a tronco di cono ed \u00e8 disponibile in 2 varianti: piano in marmo con base in legno, o piano in legno con base in metallo.\" \/>\n<meta property=\"og:url\" content=\"https:\/\/arredamentitrombetta.it\/prodotti\/tavolo-porro-modello-materic\/\" \/>\n<meta property=\"og:site_name\" content=\"Arredamenti Trombetta\" \/>\n<meta property=\"article:modified_time\" content=\"2021-05-14T21:10:17+00:00\" \/>\n<meta property=\"og:image\" content=\"https:\/\/arredamentitrombetta.it\/wp-content\/uploads\/tavolo-materic.jpg\" \/>\n\t<meta property=\"og:image:width\" content=\"1000\" \/>\n\t<meta property=\"og:image:height\" content=\"1000\" \/>\n\t<meta property=\"og:image:type\" content=\"image\/jpeg\" \/>\n<meta name=\"twitter:card\" content=\"summary_large_image\" \/>\n<meta name=\"twitter:label1\" content=\"Est. reading time\" \/>\n\t<meta name=\"twitter:data1\" content=\"1 minute\" \/>\n<script type=\"application\/ld+json\" class=\"yoast-schema-graph\">{\"@context\":\"https:\/\/schema.org\",\"@graph\":[{\"@type\":\"WebPage\",\"@id\":\"https:\/\/arredamentitrombetta.it\/prodotti\/tavolo-porro-modello-materic\/\",\"url\":\"https:\/\/arredamentitrombetta.it\/prodotti\/tavolo-porro-modello-materic\/\",\"name\":\"Tavolo Porro modello Materic - Arredamenti Trombetta\",\"isPartOf\":{\"@id\":\"https:\/\/arredamentitrombetta.it\/#website\"},\"datePublished\":\"2021-05-10T16:53:24+00:00\",\"dateModified\":\"2021-05-14T21:10:17+00:00\",\"breadcrumb\":{\"@id\":\"https:\/\/arredamentitrombetta.it\/prodotti\/tavolo-porro-modello-materic\/#breadcrumb\"},\"inLanguage\":\"en-US\",\"potentialAction\":[{\"@type\":\"ReadAction\",\"target\":[\"https:\/\/arredamentitrombetta.it\/prodotti\/tavolo-porro-modello-materic\/\"]}]},{\"@type\":\"BreadcrumbList\",\"@id\":\"https:\/\/arredamentitrombetta.it\/prodotti\/tavolo-porro-modello-materic\/#breadcrumb\",\"itemListElement\":[{\"@type\":\"ListItem\",\"position\":1,\"name\":\"Home\",\"item\":\"https:\/\/arredamentitrombetta.it\/en\/\"},{\"@type\":\"ListItem\",\"position\":2,\"name\":\"Shop\",\"item\":\"https:\/\/arredamentitrombetta.it\/en\/shop-2\/\"},{\"@type\":\"ListItem\",\"position\":3,\"name\":\"Tavolo Porro modello Materic\"}]},{\"@type\":\"WebSite\",\"@id\":\"https:\/\/arredamentitrombetta.it\/#website\",\"url\":\"https:\/\/arredamentitrombetta.it\/\",\"name\":\"Arredamenti Trombetta\",\"description\":\"Showroom di Arredamenti a Grumo Nevano\",\"publisher\":{\"@id\":\"https:\/\/arredamentitrombetta.it\/#organization\"},\"potentialAction\":[{\"@type\":\"SearchAction\",\"target\":{\"@type\":\"EntryPoint\",\"urlTemplate\":\"https:\/\/arredamentitrombetta.it\/?s={search_term_string}\"},\"query-input\":\"required name=search_term_string\"}],\"inLanguage\":\"en-US\"},{\"@type\":\"Organization\",\"@id\":\"https:\/\/arredamentitrombetta.it\/#organization\",\"name\":\"Arredamenti Trombetta\",\"url\":\"https:\/\/arredamentitrombetta.it\/\",\"logo\":{\"@type\":\"ImageObject\",\"inLanguage\":\"en-US\",\"@id\":\"https:\/\/arredamentitrombetta.it\/#\/schema\/logo\/image\/\",\"url\":\"https:\/\/arredamentitrombetta.it\/wp-content\/uploads\/2021\/03\/logo-svg.svg\",\"contentUrl\":\"https:\/\/arredamentitrombetta.it\/wp-content\/uploads\/2021\/03\/logo-svg.svg\",\"width\":1469,\"height\":202,\"caption\":\"Arredamenti Trombetta\"},\"image\":{\"@id\":\"https:\/\/arredamentitrombetta.it\/#\/schema\/logo\/image\/\"}}]}<\/script>\n<!-- \/ Yoast SEO plugin. -->","yoast_head_json":{"title":"Tavolo Porro modello Materic - Arredamenti Trombetta","robots":{"index":"index","follow":"follow","max-snippet":"max-snippet:-1","max-image-preview":"max-image-preview:large","max-video-preview":"max-video-preview:-1"},"canonical":"https:\/\/arredamentitrombetta.it\/prodotti\/tavolo-porro-modello-materic\/","og_locale":"en_US","og_type":"article","og_title":"Tavolo Porro modello Materic - Arredamenti Trombetta","og_description":"Semplicit\u00e0 assoluta della forma la ricercatezza dei materiali e delle lavorazioni. Materic si compone di un piano circolare e rastremato, appoggiato su una base a tronco di cono ed \u00e8 disponibile in 2 varianti: piano in marmo con base in legno, o piano in legno con base in metallo.","og_url":"https:\/\/arredamentitrombetta.it\/prodotti\/tavolo-porro-modello-materic\/","og_site_name":"Arredamenti Trombetta","article_modified_time":"2021-05-14T21:10:17+00:00","og_image":[{"width":1000,"height":1000,"url":"https:\/\/arredamentitrombetta.it\/wp-content\/uploads\/tavolo-materic.jpg","type":"image\/jpeg"}],"twitter_card":"summary_large_image","twitter_misc":{"Est. reading time":"1 minute"},"schema":{"@context":"https:\/\/schema.org","@graph":[{"@type":"WebPage","@id":"https:\/\/arredamentitrombetta.it\/prodotti\/tavolo-porro-modello-materic\/","url":"https:\/\/arredamentitrombetta.it\/prodotti\/tavolo-porro-modello-materic\/","name":"Tavolo Porro modello Materic - Arredamenti Trombetta","isPartOf":{"@id":"https:\/\/arredamentitrombetta.it\/#website"},"datePublished":"2021-05-10T16:53:24+00:00","dateModified":"2021-05-14T21:10:17+00:00","breadcrumb":{"@id":"https:\/\/arredamentitrombetta.it\/prodotti\/tavolo-porro-modello-materic\/#breadcrumb"},"inLanguage":"en-US","potentialAction":[{"@type":"ReadAction","target":["https:\/\/arredamentitrombetta.it\/prodotti\/tavolo-porro-modello-materic\/"]}]},{"@type":"BreadcrumbList","@id":"https:\/\/arredamentitrombetta.it\/prodotti\/tavolo-porro-modello-materic\/#breadcrumb","itemListElement":[{"@type":"ListItem","position":1,"name":"Home","item":"https:\/\/arredamentitrombetta.it\/en\/"},{"@type":"ListItem","position":2,"name":"Shop","item":"https:\/\/arredamentitrombetta.it\/en\/shop-2\/"},{"@type":"ListItem","position":3,"name":"Tavolo Porro modello Materic"}]},{"@type":"WebSite","@id":"https:\/\/arredamentitrombetta.it\/#website","url":"https:\/\/arredamentitrombetta.it\/","name":"Arredamenti Trombetta","description":"Showroom di Arredamenti a Grumo Nevano","publisher":{"@id":"https:\/\/arredamentitrombetta.it\/#organization"},"potentialAction":[{"@type":"SearchAction","target":{"@type":"EntryPoint","urlTemplate":"https:\/\/arredamentitrombetta.it\/?s={search_term_string}"},"query-input":"required name=search_term_string"}],"inLanguage":"en-US"},{"@type":"Organization","@id":"https:\/\/arredamentitrombetta.it\/#organization","name":"Arredamenti Trombetta","url":"https:\/\/arredamentitrombetta.it\/","logo":{"@type":"ImageObject","inLanguage":"en-US","@id":"https:\/\/arredamentitrombetta.it\/#\/schema\/logo\/image\/","url":"https:\/\/arredamentitrombetta.it\/wp-content\/uploads\/2021\/03\/logo-svg.svg","contentUrl":"https:\/\/arredamentitrombetta.it\/wp-content\/uploads\/2021\/03\/logo-svg.svg","width":1469,"height":202,"caption":"Arredamenti Trombetta"},"image":{"@id":"https:\/\/arredamentitrombetta.it\/#\/schema\/logo\/image\/"}}]}},"_links":{"self":[{"href":"https:\/\/arredamentitrombetta.it\/en\/wp-json\/wp\/v2\/product\/867","targetHints":{"allow":["GET"]}}],"collection":[{"href":"https:\/\/arredamentitrombetta.it\/en\/wp-json\/wp\/v2\/product"}],"about":[{"href":"https:\/\/arredamentitrombetta.it\/en\/wp-json\/wp\/v2\/types\/product"}],"replies":[{"embeddable":true,"href":"https:\/\/arredamentitrombetta.it\/en\/wp-json\/wp\/v2\/comments?post=867"}],"wp:featuredmedia":[{"embeddable":true,"href":"https:\/\/arredamentitrombetta.it\/en\/wp-json\/wp\/v2\/media\/988"}],"wp:attachment":[{"href":"https:\/\/arredamentitrombetta.it\/en\/wp-json\/wp\/v2\/media?parent=867"}],"wp:term":[{"taxonomy":"product_cat","embeddable":true,"href":"https:\/\/arredamentitrombetta.it\/en\/wp-json\/wp\/v2\/product_cat?post=867"},{"taxonomy":"product_tag","embeddable":true,"href":"https:\/\/arredamentitrombetta.it\/en\/wp-json\/wp\/v2\/product_tag?post=867"}],"curies":[{"name":"wp","href":"https:\/\/api.w.org\/{rel}","templated":true}]}}